{"id":36108,"date":"2026-01-27T17:05:16","date_gmt":"2026-01-27T17:05:16","guid":{"rendered":"https:\/\/www.deporteseli.com\/?product=camiseta-de-chica-adidas-essentials"},"modified":"2026-01-27T17:05:27","modified_gmt":"2026-01-27T17:05:27","slug":"camiseta-de-chica-adidas-essentials","status":"publish","type":"product","link":"https:\/\/www.deporteseli.com\/?product=camiseta-de-chica-adidas-essentials","title":{"rendered":"CAMISETA DE CHICA ADIDAS ESSENTIALS"},"content":{"rendered":"<p>Camiseta de chica adidas Essentials  La soluci\u00f3n m\u00e1s sencilla es siempre la mejor. Lleva esa camiseta junior con lo que quieras. Esa es la ventaja de una camiseta cl\u00e1sica de cuello redondo. Inspirado en su pasi\u00f3n por el deporte, el logotipo adidas env\u00eda un mensaje que representa su vida actual. Nuestros productos de algod\u00f3n apoyan el cultivo sostenible como parte de nuestra lucha contra los residuos de pl\u00e1stico.    Ajuste delgado.                                                                                                                                                                                                                                                                                                                                                                                                                                                                                                                                                                                                                                                                                                                                                                                                                                                                                                                                                                                                                                        <\/p>\n","protected":false},"excerpt":{"rendered":"<p>CAMISETA DE CHICA ADIDAS ESSENTIALS<\/p>\n","protected":false},"featured_media":50787,"template":"","meta":[],"product_brand":[],"product_cat":[376],"product_tag":[18],"class_list":{"0":"post-36108","1":"product","2":"type-product","3":"status-publish","4":"has-post-thumbnail","6":"product_cat-ninas_textil_camisetas","7":"product_tag-adidas","8":"pa_color-unico","9":"pa_talla-t-10","10":"pa_talla-t-12","11":"pa_talla-t-14","12":"pa_talla-t-16","13":"pa_talla-t-6","14":"pa_talla-t-8","15":"thunk-woo-product-list","16":"opn-qv-enable","17":"open-woo-hover-","18":"open-single-product-tab-horizontal","19":"open-shadow-","20":"open-shadow-hover-","22":"first","23":"instock","24":"shipping-taxable","25":"purchasable","26":"product-type-variable"},"jetpack_sharing_enabled":true,"_links":{"self":[{"href":"https:\/\/www.deporteseli.com\/index.php?rest_route=\/wp\/v2\/product\/36108","targetHints":{"allow":["GET"]}}],"collection":[{"href":"https:\/\/www.deporteseli.com\/index.php?rest_route=\/wp\/v2\/product"}],"about":[{"href":"https:\/\/www.deporteseli.com\/index.php?rest_route=\/wp\/v2\/types\/product"}],"wp:featuredmedia":[{"embeddable":true,"href":"https:\/\/www.deporteseli.com\/index.php?rest_route=\/wp\/v2\/media\/50787"}],"wp:attachment":[{"href":"https:\/\/www.deporteseli.com\/index.php?rest_route=%2Fwp%2Fv2%2Fmedia&parent=36108"}],"wp:term":[{"taxonomy":"product_brand","embeddable":true,"href":"https:\/\/www.deporteseli.com\/index.php?rest_route=%2Fwp%2Fv2%2Fproduct_brand&post=36108"},{"taxonomy":"product_cat","embeddable":true,"href":"https:\/\/www.deporteseli.com\/index.php?rest_route=%2Fwp%2Fv2%2Fproduct_cat&post=36108"},{"taxonomy":"product_tag","embeddable":true,"href":"https:\/\/www.deporteseli.com\/index.php?rest_route=%2Fwp%2Fv2%2Fproduct_tag&post=36108"}],"curies":[{"name":"wp","href":"https:\/\/api.w.org\/{rel}","templated":true}]}}