{"id":36106,"date":"2026-01-27T17:05:13","date_gmt":"2026-01-27T17:05:13","guid":{"rendered":"https:\/\/www.deporteseli.com\/?product=mallas-de-mujer-7-8-adidas-diseno-to-move-hig"},"modified":"2026-01-27T17:05:14","modified_gmt":"2026-01-27T17:05:14","slug":"mallas-de-mujer-7-8-adidas-diseno-to-move-hig","status":"publish","type":"product","link":"https:\/\/www.deporteseli.com\/?product=mallas-de-mujer-7-8-adidas-diseno-to-move-hig","title":{"rendered":"MALLAS DE MUJER 7\/8 ADIDAS DISE\u00f1O TO MOVE HIG"},"content":{"rendered":"<p>Mallas de mujer 7\/8 adidas dise\u00f1o To Move High-Rise  Dalo todo cuando entrenes con estos leggings deportivos adidas. Desde el kickboxing hasta el yoga, la tecnolog\u00eda AEROREADY te mantiene fresco y seco. Guarda tu tel\u00e9fono en el bolsillo interior para que puedas disfrutar de tu m\u00fasica mientras te desplazas. La cintura alta te permite combinarla con tu vestuario. Este producto est\u00e1 fabricado con Primegreen, una serie de materiales reciclados de alto rendimiento.    Ajuste delgado.                                                                                                                                                                                                                                                                                                                                                                                                                                                                                                                                                                                                                                                                                                                                                                                                                                                                                                                                                                                                                                        <\/p>\n","protected":false},"excerpt":{"rendered":"<p>MALLAS DE MUJER 7\/8 ADIDAS DISE\u00f1O TO MOVE HIG<\/p>\n","protected":false},"featured_media":50782,"template":"","meta":[],"product_brand":[],"product_cat":[281],"product_tag":[18],"class_list":{"0":"post-36106","1":"product","2":"type-product","3":"status-publish","4":"has-post-thumbnail","6":"product_cat-mujer_textil_mallas","7":"product_tag-adidas","8":"pa_color-unico","9":"pa_talla-m","10":"thunk-woo-product-list","11":"opn-qv-enable","12":"open-woo-hover-","13":"open-single-product-tab-horizontal","14":"open-shadow-","15":"open-shadow-hover-","17":"first","18":"instock","19":"shipping-taxable","20":"purchasable","21":"product-type-variable"},"jetpack_sharing_enabled":true,"_links":{"self":[{"href":"https:\/\/www.deporteseli.com\/index.php?rest_route=\/wp\/v2\/product\/36106","targetHints":{"allow":["GET"]}}],"collection":[{"href":"https:\/\/www.deporteseli.com\/index.php?rest_route=\/wp\/v2\/product"}],"about":[{"href":"https:\/\/www.deporteseli.com\/index.php?rest_route=\/wp\/v2\/types\/product"}],"wp:featuredmedia":[{"embeddable":true,"href":"https:\/\/www.deporteseli.com\/index.php?rest_route=\/wp\/v2\/media\/50782"}],"wp:attachment":[{"href":"https:\/\/www.deporteseli.com\/index.php?rest_route=%2Fwp%2Fv2%2Fmedia&parent=36106"}],"wp:term":[{"taxonomy":"product_brand","embeddable":true,"href":"https:\/\/www.deporteseli.com\/index.php?rest_route=%2Fwp%2Fv2%2Fproduct_brand&post=36106"},{"taxonomy":"product_cat","embeddable":true,"href":"https:\/\/www.deporteseli.com\/index.php?rest_route=%2Fwp%2Fv2%2Fproduct_cat&post=36106"},{"taxonomy":"product_tag","embeddable":true,"href":"https:\/\/www.deporteseli.com\/index.php?rest_route=%2Fwp%2Fv2%2Fproduct_tag&post=36106"}],"curies":[{"name":"wp","href":"https:\/\/api.w.org\/{rel}","templated":true}]}}