{"id":36101,"date":"2026-01-27T17:05:06","date_gmt":"2026-01-27T17:05:06","guid":{"rendered":"https:\/\/www.deporteseli.com\/?product=malla-nina-adidas"},"modified":"2026-01-27T17:05:12","modified_gmt":"2026-01-27T17:05:12","slug":"malla-nina-adidas","status":"publish","type":"product","link":"https:\/\/www.deporteseli.com\/?product=malla-nina-adidas","title":{"rendered":"MALLA NI\u00f1A ADIDAS"},"content":{"rendered":"<p>Mallas de ni\u00f1o adidas Performance Essentials 3- Stripes  Es dif\u00edcil pensar en algo m\u00e1s vers\u00e1til que los leggings. Nos los ponemos en el gimnasio, venimos a estudiarlos y vamos a descansar a ellos. Como estos leggings de adidas. Apoyamos el cultivo y procesamiento sustentable del algod\u00f3n. Esto es parte de nuestro programa para reducir los desechos pl\u00e1sticos.        Caracter\u00edsticas  \u2022 Composici\u00f3n: Jersey fino: 92% algod\u00f3n, 8% elastano    \u2022 Ajustado    \u2022 Cintura ancha el\u00e1stica  a medio levantar    Detalles extra  \u2022 logotipo de adidas    \u2022 Color rosa      Instrucciones de cuidado  \u2022 Lavar a m\u00e1quina en ciclo delicado con agua fr\u00eda    \u2022 Utilice solo detergente suave    \u2022 Lavar con colores similares                                                                                                                                                                                                                                                                                                                                                                                                                                                                                                                                                                                                                                                                                                                                                                                                                                                                                                                                                                                                                                        <\/p>\n","protected":false},"excerpt":{"rendered":"<p>MALLA NI\u00f1A ADIDAS<\/p>\n","protected":false},"featured_media":50778,"template":"","meta":[],"product_brand":[],"product_cat":[386],"product_tag":[18],"class_list":{"0":"post-36101","1":"product","2":"type-product","3":"status-publish","4":"has-post-thumbnail","6":"product_cat-ninas_textil_mallas","7":"product_tag-adidas","8":"pa_color-unico","9":"pa_talla-t-10","10":"pa_talla-t-12","11":"pa_talla-t-14","12":"pa_talla-t-16","13":"thunk-woo-product-list","14":"opn-qv-enable","15":"open-woo-hover-","16":"open-single-product-tab-horizontal","17":"open-shadow-","18":"open-shadow-hover-","20":"first","21":"instock","22":"shipping-taxable","23":"purchasable","24":"product-type-variable"},"jetpack_sharing_enabled":true,"_links":{"self":[{"href":"https:\/\/www.deporteseli.com\/index.php?rest_route=\/wp\/v2\/product\/36101","targetHints":{"allow":["GET"]}}],"collection":[{"href":"https:\/\/www.deporteseli.com\/index.php?rest_route=\/wp\/v2\/product"}],"about":[{"href":"https:\/\/www.deporteseli.com\/index.php?rest_route=\/wp\/v2\/types\/product"}],"wp:featuredmedia":[{"embeddable":true,"href":"https:\/\/www.deporteseli.com\/index.php?rest_route=\/wp\/v2\/media\/50778"}],"wp:attachment":[{"href":"https:\/\/www.deporteseli.com\/index.php?rest_route=%2Fwp%2Fv2%2Fmedia&parent=36101"}],"wp:term":[{"taxonomy":"product_brand","embeddable":true,"href":"https:\/\/www.deporteseli.com\/index.php?rest_route=%2Fwp%2Fv2%2Fproduct_brand&post=36101"},{"taxonomy":"product_cat","embeddable":true,"href":"https:\/\/www.deporteseli.com\/index.php?rest_route=%2Fwp%2Fv2%2Fproduct_cat&post=36101"},{"taxonomy":"product_tag","embeddable":true,"href":"https:\/\/www.deporteseli.com\/index.php?rest_route=%2Fwp%2Fv2%2Fproduct_tag&post=36101"}],"curies":[{"name":"wp","href":"https:\/\/api.w.org\/{rel}","templated":true}]}}