{"id":36099,"date":"2026-01-27T17:05:04","date_gmt":"2026-01-27T17:05:04","guid":{"rendered":"https:\/\/www.deporteseli.com\/?product=zapatillas-marvel-tensaur-run"},"modified":"2026-02-12T19:34:00","modified_gmt":"2026-02-12T19:34:00","slug":"zapatillas-marvel-tensaur-run","status":"publish","type":"product","link":"https:\/\/www.deporteseli.com\/?product=zapatillas-marvel-tensaur-run","title":{"rendered":"ZAPATILLAS MARVEL TENSAUR RUN"},"content":{"rendered":"<p>ZAPATILLAS MARVEL TENSAUR RUN  ZAPATILLAS C\u00d3MODAS PARA TU PEQUE\u00d1O SUPERH\u00c9ROE  Para el j\u00f3ven atleta de tu casa que siempre est\u00e1 en movimiento, todo momento es perfecto para el juego. Ay\u00fadalos a aprovechar cada minuto al m\u00e1ximo con estas zapatillas adidas para ni\u00f1os que lucen el Hombre Ara\u00f1a de Marvel en los costados. Su dise\u00f1o de calce f\u00e1cil envuelve y sujeta el pie en todo momento. La amortiguaci\u00f3n ligera debajo del pie los mantiene corriendo y saltando todo el d\u00eda, al igual que su superh\u00e9roe favorito.  DETALLES  Dos cierres de gancho y felpa  Exterior textil  Forro interno textil  Mediasuela de EVA con amortiguaci\u00f3n y suela de EVA que no deja marcas  Tirador de tal\u00f3n  \u00a9Marvel  Color del art\u00edculo: Legend Ink \/ Cloud White \/ Blue  N\u00famero de art\u00edculo: H01705                                                                                                                                                                                                                                                                                                                                                                                                                                                                                                                                                                                                                                                                                                                                                                                                                                                                                                                                                                                                                                        <\/p>\n","protected":false},"excerpt":{"rendered":"<p>ZAPATILLAS MARVEL TENSAUR RUN<\/p>\n","protected":false},"featured_media":50773,"template":"","meta":[],"product_brand":[],"product_cat":[237],"product_tag":[18],"class_list":{"0":"post-36099","1":"product","2":"type-product","3":"status-publish","4":"has-post-thumbnail","6":"product_cat-outlet_calzado","7":"product_tag-adidas","8":"pa_color-unico","9":"pa_talla-139","10":"thunk-woo-product-list","11":"opn-qv-enable","12":"open-woo-hover-","13":"open-single-product-tab-horizontal","14":"open-shadow-","15":"open-shadow-hover-","17":"first","18":"instock","19":"shipping-taxable","20":"purchasable","21":"product-type-variable"},"jetpack_sharing_enabled":true,"_links":{"self":[{"href":"https:\/\/www.deporteseli.com\/index.php?rest_route=\/wp\/v2\/product\/36099","targetHints":{"allow":["GET"]}}],"collection":[{"href":"https:\/\/www.deporteseli.com\/index.php?rest_route=\/wp\/v2\/product"}],"about":[{"href":"https:\/\/www.deporteseli.com\/index.php?rest_route=\/wp\/v2\/types\/product"}],"wp:featuredmedia":[{"embeddable":true,"href":"https:\/\/www.deporteseli.com\/index.php?rest_route=\/wp\/v2\/media\/50773"}],"wp:attachment":[{"href":"https:\/\/www.deporteseli.com\/index.php?rest_route=%2Fwp%2Fv2%2Fmedia&parent=36099"}],"wp:term":[{"taxonomy":"product_brand","embeddable":true,"href":"https:\/\/www.deporteseli.com\/index.php?rest_route=%2Fwp%2Fv2%2Fproduct_brand&post=36099"},{"taxonomy":"product_cat","embeddable":true,"href":"https:\/\/www.deporteseli.com\/index.php?rest_route=%2Fwp%2Fv2%2Fproduct_cat&post=36099"},{"taxonomy":"product_tag","embeddable":true,"href":"https:\/\/www.deporteseli.com\/index.php?rest_route=%2Fwp%2Fv2%2Fproduct_tag&post=36099"}],"curies":[{"name":"wp","href":"https:\/\/api.w.org\/{rel}","templated":true}]}}