{"id":36091,"date":"2026-01-27T17:04:51","date_gmt":"2026-01-27T17:04:51","guid":{"rendered":"https:\/\/www.deporteseli.com\/?product=calcetines-clasicos"},"modified":"2026-01-27T17:04:53","modified_gmt":"2026-01-27T17:04:53","slug":"calcetines-clasicos","status":"publish","type":"product","link":"https:\/\/www.deporteseli.com\/?product=calcetines-clasicos","title":{"rendered":"CALCETINES CL\u00e1SICOS"},"content":{"rendered":"<p>CALCETINES CL\u00c1SICOS  EL ESTILO DEPORTIVO EMPIEZA POR LOS PIES  Imprescindibles en tu d\u00eda a d\u00eda. Estos calcetines cl\u00e1sicos vienen en un paquete de tres pares. Se han confeccionado en un tejido fino y ligero, con un refuerzo integrado en el arco plantar y una c\u00f3moda puntera con costura plana. Presentan un dise\u00f1o de media ca\u00f1a con el logotipo del tr\u00e9bol.  DETALLES  Largo cl\u00e1sico  52% algod\u00f3n \/ 46% poli\u00e9ster \/ 2% elast\u00e1n  Tres pares por paquete  Tejido fino y ligero  Costura anat\u00f3mica en la puntera para una mayor comodidad  Refuerzo en el arco plantar  Color del art\u00edculo: Medium Grey Heather \/ White \/ Black  N\u00famero de art\u00edculo: DZ9392                                                                                                                                                                                                                                                                                                                                                                                                                                                                                                                                                                                                                                                                                                                                                                                                                                                                                                                                                                                                                                        <\/p>\n","protected":false},"excerpt":{"rendered":"<p>CALCETINES CL\u00e1SICOS<\/p>\n","protected":false},"featured_media":50767,"template":"","meta":[],"product_brand":[],"product_cat":[400],"product_tag":[18],"class_list":{"0":"post-36091","1":"product","2":"type-product","3":"status-publish","4":"has-post-thumbnail","6":"product_cat-accesorios_calcetines","7":"product_tag-adidas","8":"pa_color-unico","9":"pa_talla-35-38","10":"thunk-woo-product-list","11":"opn-qv-enable","12":"open-woo-hover-","13":"open-single-product-tab-horizontal","14":"open-shadow-","15":"open-shadow-hover-","17":"first","18":"instock","19":"shipping-taxable","20":"purchasable","21":"product-type-variable"},"jetpack_sharing_enabled":true,"_links":{"self":[{"href":"https:\/\/www.deporteseli.com\/index.php?rest_route=\/wp\/v2\/product\/36091","targetHints":{"allow":["GET"]}}],"collection":[{"href":"https:\/\/www.deporteseli.com\/index.php?rest_route=\/wp\/v2\/product"}],"about":[{"href":"https:\/\/www.deporteseli.com\/index.php?rest_route=\/wp\/v2\/types\/product"}],"wp:featuredmedia":[{"embeddable":true,"href":"https:\/\/www.deporteseli.com\/index.php?rest_route=\/wp\/v2\/media\/50767"}],"wp:attachment":[{"href":"https:\/\/www.deporteseli.com\/index.php?rest_route=%2Fwp%2Fv2%2Fmedia&parent=36091"}],"wp:term":[{"taxonomy":"product_brand","embeddable":true,"href":"https:\/\/www.deporteseli.com\/index.php?rest_route=%2Fwp%2Fv2%2Fproduct_brand&post=36091"},{"taxonomy":"product_cat","embeddable":true,"href":"https:\/\/www.deporteseli.com\/index.php?rest_route=%2Fwp%2Fv2%2Fproduct_cat&post=36091"},{"taxonomy":"product_tag","embeddable":true,"href":"https:\/\/www.deporteseli.com\/index.php?rest_route=%2Fwp%2Fv2%2Fproduct_tag&post=36091"}],"curies":[{"name":"wp","href":"https:\/\/api.w.org\/{rel}","templated":true}]}}