{"id":36086,"date":"2026-01-27T17:04:46","date_gmt":"2026-01-27T17:04:46","guid":{"rendered":"https:\/\/www.deporteseli.com\/?product=mallas-designed-2-move-seasonal"},"modified":"2026-01-27T17:04:50","modified_gmt":"2026-01-27T17:04:50","slug":"mallas-designed-2-move-seasonal","status":"publish","type":"product","link":"https:\/\/www.deporteseli.com\/?product=mallas-designed-2-move-seasonal","title":{"rendered":"MALLAS DESIGNED 2 MOVE SEASONAL"},"content":{"rendered":"<p>MALLAS DESIGNED 2 MOVE SEASONAL  COMODIDAD Y ESTILO  Con estas mallas adidas para j\u00f3venes deportistas no hay reto que se te resista. Mu\u00e9vete c\u00f3modamente durante todo el d\u00eda, desde tu entrenamiento matutino hasta el paseo vespertino con tus amigos.    Este producto se ha fabricado con Primegreen, una combinaci\u00f3n de materiales reciclados de alto rendimiento.  DETALLES  Corte ajustado  Cintura el\u00e1stica  Punto 91% poli\u00e9ster reciclado \/ 9% elast\u00e1n  Tejido transpirable  Bolsillo para el m\u00f3vil en el lateral  Primegreen  Color del art\u00edculo: Vivid Red \/ Team Real Magenta \/ Vivid Red  N\u00famero de art\u00edculo: GT1415                                                                                                                                                                                                                                                                                                                                                                                                                                                                                                                                                                                                                                                                                                                                                                                                                                                                                                                                                                                                                                        <\/p>\n","protected":false},"excerpt":{"rendered":"<p>MALLAS DESIGNED 2 MOVE SEASONAL<\/p>\n","protected":false},"featured_media":50763,"template":"","meta":[],"product_brand":[],"product_cat":[386],"product_tag":[18],"class_list":{"0":"post-36086","1":"product","2":"type-product","3":"status-publish","4":"has-post-thumbnail","6":"product_cat-ninas_textil_mallas","7":"product_tag-adidas","8":"pa_color-unico","9":"pa_talla-t-12","10":"pa_talla-t-16","11":"pa_talla-t-6","12":"pa_talla-t-8","13":"thunk-woo-product-list","14":"opn-qv-enable","15":"open-woo-hover-","16":"open-single-product-tab-horizontal","17":"open-shadow-","18":"open-shadow-hover-","20":"first","21":"instock","22":"shipping-taxable","23":"purchasable","24":"product-type-variable"},"jetpack_sharing_enabled":true,"_links":{"self":[{"href":"https:\/\/www.deporteseli.com\/index.php?rest_route=\/wp\/v2\/product\/36086","targetHints":{"allow":["GET"]}}],"collection":[{"href":"https:\/\/www.deporteseli.com\/index.php?rest_route=\/wp\/v2\/product"}],"about":[{"href":"https:\/\/www.deporteseli.com\/index.php?rest_route=\/wp\/v2\/types\/product"}],"wp:featuredmedia":[{"embeddable":true,"href":"https:\/\/www.deporteseli.com\/index.php?rest_route=\/wp\/v2\/media\/50763"}],"wp:attachment":[{"href":"https:\/\/www.deporteseli.com\/index.php?rest_route=%2Fwp%2Fv2%2Fmedia&parent=36086"}],"wp:term":[{"taxonomy":"product_brand","embeddable":true,"href":"https:\/\/www.deporteseli.com\/index.php?rest_route=%2Fwp%2Fv2%2Fproduct_brand&post=36086"},{"taxonomy":"product_cat","embeddable":true,"href":"https:\/\/www.deporteseli.com\/index.php?rest_route=%2Fwp%2Fv2%2Fproduct_cat&post=36086"},{"taxonomy":"product_tag","embeddable":true,"href":"https:\/\/www.deporteseli.com\/index.php?rest_route=%2Fwp%2Fv2%2Fproduct_tag&post=36086"}],"curies":[{"name":"wp","href":"https:\/\/api.w.org\/{rel}","templated":true}]}}