{"id":36083,"date":"2026-01-27T17:04:42","date_gmt":"2026-01-27T17:04:42","guid":{"rendered":"https:\/\/www.deporteseli.com\/?product=sujetador-de-mediano-impacto-4keeps-graphic"},"modified":"2026-01-27T17:04:45","modified_gmt":"2026-01-27T17:04:45","slug":"sujetador-de-mediano-impacto-4keeps-graphic","status":"publish","type":"product","link":"https:\/\/www.deporteseli.com\/?product=sujetador-de-mediano-impacto-4keeps-graphic","title":{"rendered":"SUJETADOR DE MEDIANO IMPACTO 4KEEPS GRAPHIC"},"content":{"rendered":"<p>RESUMEN DEL PRODUCTO  V\u00edstete con un estilo de entrenamiento duro de la cabeza a los pies con nuestro sujetador 4Keeps Graphic. Este sujetador de alto rendimiento e impacto mediano cuenta con tiras estabilizantes para el hombro con cruce en la espalda para lograr un rango de movimiento sin l\u00edmites y una banda inferior el\u00e1stica que asegura el calce. Los paneles posteriores de malla y un estampado genial hacen que luzcas y te sientas muy bien.  CARACTER\u00cdSTICAS Y BENEFICIOS  SOPORTE: su dise\u00f1o para mediano impacto da soporte durante el entrenamiento  CALCE: tiras estabilizantes para el hombro con cruce en la espalda para amplia libertad de movimiento  COMODIDAD: banda inferior el\u00e1stica para calce y soporte seguros  MEJORES MATERIALES: hechos con poli\u00e9ster reciclado para reducir el impacto ambiental  DETALLES  Calce ajustado  Soporte de impacto mediano  Dise\u00f1o con espalda deportiva  Almohadillas extra\u00edbles  Banda inferior el\u00e1stica para soporte  Panel de malla en la espalda para mayor transpirabilidad  Estampado en toda la prenda  Logo PUMA Cat estampado en el frente  89% poli\u00e9ster reciclado, 11% elastano  Informaci\u00f3n sobre el material  FORRO DE LA PARTE FRONTAL: 89% poli\u00e9ster, 11% elastano  MALLA: 87% poli\u00e9ster, 13% elastano  MATERIAL: 89% poli\u00e9ster, 11% elastano  FRONT INNER SURFACE: 91% poli\u00e9ster, 9% elastano                                                                                                                                                                                                                                                                                                                                                                                                                                                                                                                                                                                                                                                                                                                                                                                                                                                                                                                                                                                                                                        <\/p>\n","protected":false},"excerpt":{"rendered":"<p>SUJETADOR DE MEDIANO IMPACTO 4KEEPS GRAPHIC<\/p>\n","protected":false},"featured_media":50761,"template":"","meta":[],"product_brand":[],"product_cat":[275],"product_tag":[32],"class_list":{"0":"post-36083","1":"product","2":"type-product","3":"status-publish","4":"has-post-thumbnail","6":"product_cat-mujer_textil_top","7":"product_tag-puma","8":"pa_color-unico","9":"pa_talla-l","10":"pa_talla-m","11":"thunk-woo-product-list","12":"opn-qv-enable","13":"open-woo-hover-","14":"open-single-product-tab-horizontal","15":"open-shadow-","16":"open-shadow-hover-","18":"first","19":"instock","20":"shipping-taxable","21":"purchasable","22":"product-type-variable"},"jetpack_sharing_enabled":true,"_links":{"self":[{"href":"https:\/\/www.deporteseli.com\/index.php?rest_route=\/wp\/v2\/product\/36083","targetHints":{"allow":["GET"]}}],"collection":[{"href":"https:\/\/www.deporteseli.com\/index.php?rest_route=\/wp\/v2\/product"}],"about":[{"href":"https:\/\/www.deporteseli.com\/index.php?rest_route=\/wp\/v2\/types\/product"}],"wp:featuredmedia":[{"embeddable":true,"href":"https:\/\/www.deporteseli.com\/index.php?rest_route=\/wp\/v2\/media\/50761"}],"wp:attachment":[{"href":"https:\/\/www.deporteseli.com\/index.php?rest_route=%2Fwp%2Fv2%2Fmedia&parent=36083"}],"wp:term":[{"taxonomy":"product_brand","embeddable":true,"href":"https:\/\/www.deporteseli.com\/index.php?rest_route=%2Fwp%2Fv2%2Fproduct_brand&post=36083"},{"taxonomy":"product_cat","embeddable":true,"href":"https:\/\/www.deporteseli.com\/index.php?rest_route=%2Fwp%2Fv2%2Fproduct_cat&post=36083"},{"taxonomy":"product_tag","embeddable":true,"href":"https:\/\/www.deporteseli.com\/index.php?rest_route=%2Fwp%2Fv2%2Fproduct_tag&post=36083"}],"curies":[{"name":"wp","href":"https:\/\/api.w.org\/{rel}","templated":true}]}}