{"id":36081,"date":"2026-01-27T17:04:40","date_gmt":"2026-01-27T17:04:40","guid":{"rendered":"https:\/\/www.deporteseli.com\/?product=cartera-grande-puma"},"modified":"2026-01-27T17:04:41","modified_gmt":"2026-01-27T17:04:41","slug":"cartera-grande-puma","status":"publish","type":"product","link":"https:\/\/www.deporteseli.com\/?product=cartera-grande-puma","title":{"rendered":"CARTERA GRANDE PUMA"},"content":{"rendered":"<p>DETALLES DEL PRODUCTO  Material y cuidado  Contiene partes no textiles de origen animal: No  Materiales: Textil &#8211; acr\u00edlico  Dise\u00f1o y estilo  Bolsillos para monedas: 1  Bolsillos para tarjetas de cr\u00e9dito: 2  Color: Rosa  (Cartera) con Cierre: velcro  Compartimentos para billetes: 1  Estilo: Pasteles  Bolsillos planos m\u00e1s grandes: 1  Talla y ajuste  Dimensiones: 12,5 x 8,5 x 1,5 cm                                                                                                                                                                                                                                                                                                                                                                                                                                                                                                                                                                                                                                                                                                                                                                                                                                                                                                                                                                                                                                        <\/p>\n","protected":false},"excerpt":{"rendered":"<p>CARTERA GRANDE PUMA<\/p>\n","protected":false},"featured_media":50758,"template":"","meta":[],"product_brand":[],"product_cat":[404],"product_tag":[32],"class_list":{"0":"post-36081","1":"product","2":"type-product","3":"status-publish","4":"has-post-thumbnail","6":"product_cat-accesorios_carteras","7":"product_tag-puma","8":"pa_color-unico","9":"pa_talla-unica","10":"thunk-woo-product-list","11":"opn-qv-enable","12":"open-woo-hover-","13":"open-single-product-tab-horizontal","14":"open-shadow-","15":"open-shadow-hover-","17":"first","18":"instock","19":"shipping-taxable","20":"purchasable","21":"product-type-variable"},"jetpack_sharing_enabled":true,"_links":{"self":[{"href":"https:\/\/www.deporteseli.com\/index.php?rest_route=\/wp\/v2\/product\/36081","targetHints":{"allow":["GET"]}}],"collection":[{"href":"https:\/\/www.deporteseli.com\/index.php?rest_route=\/wp\/v2\/product"}],"about":[{"href":"https:\/\/www.deporteseli.com\/index.php?rest_route=\/wp\/v2\/types\/product"}],"wp:featuredmedia":[{"embeddable":true,"href":"https:\/\/www.deporteseli.com\/index.php?rest_route=\/wp\/v2\/media\/50758"}],"wp:attachment":[{"href":"https:\/\/www.deporteseli.com\/index.php?rest_route=%2Fwp%2Fv2%2Fmedia&parent=36081"}],"wp:term":[{"taxonomy":"product_brand","embeddable":true,"href":"https:\/\/www.deporteseli.com\/index.php?rest_route=%2Fwp%2Fv2%2Fproduct_brand&post=36081"},{"taxonomy":"product_cat","embeddable":true,"href":"https:\/\/www.deporteseli.com\/index.php?rest_route=%2Fwp%2Fv2%2Fproduct_cat&post=36081"},{"taxonomy":"product_tag","embeddable":true,"href":"https:\/\/www.deporteseli.com\/index.php?rest_route=%2Fwp%2Fv2%2Fproduct_tag&post=36081"}],"curies":[{"name":"wp","href":"https:\/\/api.w.org\/{rel}","templated":true}]}}