{"id":36071,"date":"2026-01-27T17:04:22","date_gmt":"2026-01-27T17:04:22","guid":{"rendered":"https:\/\/www.deporteseli.com\/?product=camiseta-grafica-2"},"modified":"2026-01-27T17:04:30","modified_gmt":"2026-01-27T17:04:30","slug":"camiseta-grafica-2","status":"publish","type":"product","link":"https:\/\/www.deporteseli.com\/?product=camiseta-grafica-2","title":{"rendered":"CAMISETA GR\u00e1FICA"},"content":{"rendered":"<p>CAMISETA GR\u00c1FICA  Practica sus tiros de tres puntos en su propio tiempo, por lo que cuando llega el momento del juego, usted es quien toma las decisiones. Ya sea que juegues en la escuela o simplemente por diversi\u00f3n, tienes los ojos puestos en la pelota y est\u00e1s pensando en tu pr\u00f3ximo movimiento. Esta camiseta con gr\u00e1fico de adidas para juniors luce un dise\u00f1o de baloncesto de inspiraci\u00f3n japonesa, que muestra tu amor por el juego. La camiseta de algod\u00f3n suave te mantiene c\u00f3modo mientras giras alrededor de tu oponente o cualquier obst\u00e1culo que se interponga en tu camino. Al comprarnos productos de algod\u00f3n, est\u00e1 apoyando un cultivo de algod\u00f3n m\u00e1s sostenible.  ESPECIFICACIONES  Camiseta cl\u00e1sica de algod\u00f3n con dise\u00f1o de baloncesto.  Ajuste regular  Cuello redondo acanalado  Punto liso 100% algod\u00f3n  Mangas cortas  Dobladillo curvo  Iniciativa Mejor Algod\u00f3n                                                                                                                                                                                                                                                                                                                                                                                                                                                                                                                                                                                                                                                                                                                                                                                                                                                                                                                                                                                                                                        <\/p>\n","protected":false},"excerpt":{"rendered":"<p>CAMISETA GR\u00e1FICA<\/p>\n","protected":false},"featured_media":50746,"template":"","meta":[],"product_brand":[],"product_cat":[376],"product_tag":[18],"class_list":{"0":"post-36071","1":"product","2":"type-product","3":"status-publish","4":"has-post-thumbnail","6":"product_cat-ninas_textil_camisetas","7":"product_tag-adidas","8":"pa_color-unico","9":"pa_talla-t-12","10":"pa_talla-t-14","11":"pa_talla-t-16","12":"pa_talla-t-6","13":"thunk-woo-product-list","14":"opn-qv-enable","15":"open-woo-hover-","16":"open-single-product-tab-horizontal","17":"open-shadow-","18":"open-shadow-hover-","20":"first","21":"instock","22":"shipping-taxable","23":"purchasable","24":"product-type-variable"},"jetpack_sharing_enabled":true,"_links":{"self":[{"href":"https:\/\/www.deporteseli.com\/index.php?rest_route=\/wp\/v2\/product\/36071","targetHints":{"allow":["GET"]}}],"collection":[{"href":"https:\/\/www.deporteseli.com\/index.php?rest_route=\/wp\/v2\/product"}],"about":[{"href":"https:\/\/www.deporteseli.com\/index.php?rest_route=\/wp\/v2\/types\/product"}],"wp:featuredmedia":[{"embeddable":true,"href":"https:\/\/www.deporteseli.com\/index.php?rest_route=\/wp\/v2\/media\/50746"}],"wp:attachment":[{"href":"https:\/\/www.deporteseli.com\/index.php?rest_route=%2Fwp%2Fv2%2Fmedia&parent=36071"}],"wp:term":[{"taxonomy":"product_brand","embeddable":true,"href":"https:\/\/www.deporteseli.com\/index.php?rest_route=%2Fwp%2Fv2%2Fproduct_brand&post=36071"},{"taxonomy":"product_cat","embeddable":true,"href":"https:\/\/www.deporteseli.com\/index.php?rest_route=%2Fwp%2Fv2%2Fproduct_cat&post=36071"},{"taxonomy":"product_tag","embeddable":true,"href":"https:\/\/www.deporteseli.com\/index.php?rest_route=%2Fwp%2Fv2%2Fproduct_tag&post=36071"}],"curies":[{"name":"wp","href":"https:\/\/api.w.org\/{rel}","templated":true}]}}