{"id":36069,"date":"2026-01-27T17:04:18","date_gmt":"2026-01-27T17:04:18","guid":{"rendered":"https:\/\/www.deporteseli.com\/?product=top-sujetador-designed-2-move"},"modified":"2026-01-27T17:04:21","modified_gmt":"2026-01-27T17:04:21","slug":"top-sujetador-designed-2-move","status":"publish","type":"product","link":"https:\/\/www.deporteseli.com\/?product=top-sujetador-designed-2-move","title":{"rendered":"TOP SUJETADOR DESIGNED 2 MOVE"},"content":{"rendered":"<p>TOP SUJETADOR DESIGNED 2 MOVE  CONFORT Y ESTILO  Olv\u00eddate de tener que cambiarte muchas veces a lo largo del d\u00eda. Saca partido a la versatilidad de este top sujetador para j\u00f3venes deportistas. Su dise\u00f1o te brinda un ajuste c\u00f3modo y una sujeci\u00f3n \u00f3ptima. Comb\u00ednalo con tu camiseta de tirantes favorita o ll\u00e9valo solo para que el logotipo de adidas en contraste sea toda una declaraci\u00f3n de intenciones.    Este producto se ha fabricado con Primegreen, una combinaci\u00f3n de materiales reciclados de alto rendimiento.  DETALLES  Corte ajustado  Escote redondo  Punto 91% poli\u00e9ster reciclado \/ 9% elast\u00e1n  Panel trasero de tejido suave  Tejido transpirable  Dise\u00f1o estampado en la parte frontal  Espalda deportiva con abertura  Primegreen  Color del art\u00edculo: Vivid Red \/ Team Real Magenta \/ Vivid Red  N\u00famero de art\u00edculo: GT1411                                                                                                                                                                                                                                                                                                                                                                                                                                                                                                                                                                                                                                                                                                                                                                                                                                                                                                                                                                                                                                        <\/p>\n","protected":false},"excerpt":{"rendered":"<p>TOP SUJETADOR DESIGNED 2 MOVE<\/p>\n","protected":false},"featured_media":50742,"template":"","meta":[],"product_brand":[],"product_cat":[376],"product_tag":[18],"class_list":{"0":"post-36069","1":"product","2":"type-product","3":"status-publish","4":"has-post-thumbnail","6":"product_cat-ninas_textil_camisetas","7":"product_tag-adidas","8":"pa_color-unico","9":"pa_talla-t-12","10":"thunk-woo-product-list","11":"opn-qv-enable","12":"open-woo-hover-","13":"open-single-product-tab-horizontal","14":"open-shadow-","15":"open-shadow-hover-","17":"first","18":"instock","19":"shipping-taxable","20":"purchasable","21":"product-type-variable"},"jetpack_sharing_enabled":true,"_links":{"self":[{"href":"https:\/\/www.deporteseli.com\/index.php?rest_route=\/wp\/v2\/product\/36069","targetHints":{"allow":["GET"]}}],"collection":[{"href":"https:\/\/www.deporteseli.com\/index.php?rest_route=\/wp\/v2\/product"}],"about":[{"href":"https:\/\/www.deporteseli.com\/index.php?rest_route=\/wp\/v2\/types\/product"}],"wp:featuredmedia":[{"embeddable":true,"href":"https:\/\/www.deporteseli.com\/index.php?rest_route=\/wp\/v2\/media\/50742"}],"wp:attachment":[{"href":"https:\/\/www.deporteseli.com\/index.php?rest_route=%2Fwp%2Fv2%2Fmedia&parent=36069"}],"wp:term":[{"taxonomy":"product_brand","embeddable":true,"href":"https:\/\/www.deporteseli.com\/index.php?rest_route=%2Fwp%2Fv2%2Fproduct_brand&post=36069"},{"taxonomy":"product_cat","embeddable":true,"href":"https:\/\/www.deporteseli.com\/index.php?rest_route=%2Fwp%2Fv2%2Fproduct_cat&post=36069"},{"taxonomy":"product_tag","embeddable":true,"href":"https:\/\/www.deporteseli.com\/index.php?rest_route=%2Fwp%2Fv2%2Fproduct_tag&post=36069"}],"curies":[{"name":"wp","href":"https:\/\/api.w.org\/{rel}","templated":true}]}}