{"id":36056,"date":"2026-01-27T17:04:01","date_gmt":"2026-01-27T17:04:01","guid":{"rendered":"https:\/\/www.deporteseli.com\/?product=zapatillas-para-ninos-adidas-ligra-7-indoor"},"modified":"2026-01-27T17:04:03","modified_gmt":"2026-01-27T17:04:03","slug":"zapatillas-para-ninos-adidas-ligra-7-indoor","status":"publish","type":"product","link":"https:\/\/www.deporteseli.com\/?product=zapatillas-para-ninos-adidas-ligra-7-indoor","title":{"rendered":"ZAPATILLAS PARA NI\u00f1OS ADIDAS LIGRA 7 INDOOR"},"content":{"rendered":"<p>Zapatos para ni\u00f1os adidas Ligra 7 Indoor  Creadas para jugar en todas las pistas, las zapatillas adidas Ligra 7 junior est\u00e1n dise\u00f1adas para ayudarte a mejorar tu juego en pista cubierta. La parte superior de malla transpirable te proporciona la m\u00e1xima comodidad y confianza cuando la presi\u00f3n es alta. La combinaci\u00f3n de una suela multidireccional de gran agarre y las inserciones de apoyo garantizan una estabilidad \u00f3ptima cuando dejas que tus habilidades brillen. El material sint\u00e9tico del antepi\u00e9 te permite afrontar cualquier reto.Este producto est\u00e1 fabricado con Primegreen, una serie de materiales reciclados de alto rendimiento. La parte superior est\u00e1 fabricada con un 50% de material reciclado. No hay poli\u00e9ster virgen.    Ajuste est\u00e1ndar.                                                                                                                                                                                                                                                                                                                                                                                                                                                                                                                                                                                                                                                                                                                                                                                                                                                                                                                                                                                                                                        <\/p>\n","protected":false},"excerpt":{"rendered":"<p>ZAPATILLAS PARA NI\u00f1OS ADIDAS LIGRA 7 INDOOR<\/p>\n","protected":false},"featured_media":50729,"template":"","meta":[],"product_brand":[],"product_cat":[345],"product_tag":[18],"class_list":{"0":"post-36056","1":"product","2":"type-product","3":"status-publish","4":"has-post-thumbnail","6":"product_cat-deportes_balonmano","7":"product_tag-adidas","8":"pa_color-unico","9":"pa_talla-135","10":"thunk-woo-product-list","11":"opn-qv-enable","12":"open-woo-hover-","13":"open-single-product-tab-horizontal","14":"open-shadow-","15":"open-shadow-hover-","17":"first","18":"instock","19":"sale","20":"shipping-taxable","21":"purchasable","22":"product-type-variable"},"jetpack_sharing_enabled":true,"_links":{"self":[{"href":"https:\/\/www.deporteseli.com\/index.php?rest_route=\/wp\/v2\/product\/36056","targetHints":{"allow":["GET"]}}],"collection":[{"href":"https:\/\/www.deporteseli.com\/index.php?rest_route=\/wp\/v2\/product"}],"about":[{"href":"https:\/\/www.deporteseli.com\/index.php?rest_route=\/wp\/v2\/types\/product"}],"wp:featuredmedia":[{"embeddable":true,"href":"https:\/\/www.deporteseli.com\/index.php?rest_route=\/wp\/v2\/media\/50729"}],"wp:attachment":[{"href":"https:\/\/www.deporteseli.com\/index.php?rest_route=%2Fwp%2Fv2%2Fmedia&parent=36056"}],"wp:term":[{"taxonomy":"product_brand","embeddable":true,"href":"https:\/\/www.deporteseli.com\/index.php?rest_route=%2Fwp%2Fv2%2Fproduct_brand&post=36056"},{"taxonomy":"product_cat","embeddable":true,"href":"https:\/\/www.deporteseli.com\/index.php?rest_route=%2Fwp%2Fv2%2Fproduct_cat&post=36056"},{"taxonomy":"product_tag","embeddable":true,"href":"https:\/\/www.deporteseli.com\/index.php?rest_route=%2Fwp%2Fv2%2Fproduct_tag&post=36056"}],"curies":[{"name":"wp","href":"https:\/\/api.w.org\/{rel}","templated":true}]}}