{"id":36054,"date":"2026-01-27T17:03:59","date_gmt":"2026-01-27T17:03:59","guid":{"rendered":"https:\/\/www.deporteseli.com\/?product=chandal-puma-589371-06"},"modified":"2026-01-27T17:04:00","modified_gmt":"2026-01-27T17:04:00","slug":"chandal-puma-589371-06","status":"publish","type":"product","link":"https:\/\/www.deporteseli.com\/?product=chandal-puma-589371-06","title":{"rendered":"CHANDAL PUMA 589371-06"},"content":{"rendered":"<p>HISTORIA DEL PRODUCTO  Una combinaci\u00f3n hecha en el cielo: este ch\u00e1ndal elegante es la combinaci\u00f3n perfecta para un look de calle de la cabeza a los pies, combinando pantalones cl\u00e1sicos con dobladillo con una elegante camiseta de cuello alto. Un panel de inserci\u00f3n atl\u00e9tico con la marca PUMA destacada en el pecho y la marca PUMA reflejada en la parte inferior configuran este conjunto perfectamente calibrado a la perfecci\u00f3n. Ambos art\u00edculos est\u00e1n certificados por bluesign\u00ae y est\u00e1n hechos completamente de poli\u00e9ster reciclado, lo que ayuda a promover un proceso de producci\u00f3n m\u00e1s sostenible.      CARACTER\u00cdSTICAS Y BENEFICIOS  bluesign\u00ae: Como SOCIO DEL SISTEMA de bluesign\u00ae, somos una parte de la cadena de valor textil que act\u00faa de manera responsable, comprometida con un enfoque limpio y seguro de Gesti\u00f3n del flujo de entrada.  Contiene Material Reciclado: Fabricado con fibras recicladas. Una de las respuestas de PUMA para reducir nuestro impacto ambiental.  DETALLES  Ajuste regular  Cierre de cremallera completa en la parte superior con cuello alto  Bolsillos en las costuras laterales en la parte superior y en los pantalones  Costuras laterales adelantadas en la parte superior para mayor libertad de movimiento y un ajuste atl\u00e9tico  Pu\u00f1os y cinturilla el\u00e1sticos en la parte superior  Pu\u00f1os el\u00e1sticos en la parte inferior  Cintura el\u00e1stica con cord\u00f3n interior en la parte inferior  Logotipo de PUMA No. 1 estampado de goma en el lado izquierdo del pecho  Estampado de goma con el logo de PUMA No. 1 en la pernera izquierda  Material de informaci\u00f3n  Bolsa de bolsillo: 100% poli\u00e9ster  Exterior: 100% poli\u00e9ster.  Instrucciones de cuidado  Cerrar todas las fijaciones  Use detergente para los colores  Lavar y planchar del rev\u00e9s  Lavar con colores similares                                                                                                                                                                                                                                                                                                                                                                                                                                                                                                                                                                                                                                                                                                                                                                                                                                                                                                                                                                                                                                        <\/p>\n","protected":false},"excerpt":{"rendered":"<p>CHANDAL PUMA 589371-06<\/p>\n","protected":false},"featured_media":50728,"template":"","meta":[],"product_brand":[],"product_cat":[298],"product_tag":[32],"class_list":{"0":"post-36054","1":"product","2":"type-product","3":"status-publish","4":"has-post-thumbnail","6":"product_cat-nino_textil_chandals","7":"product_tag-puma","8":"pa_color-unico","9":"pa_talla-t-10","10":"thunk-woo-product-list","11":"opn-qv-enable","12":"open-woo-hover-","13":"open-single-product-tab-horizontal","14":"open-shadow-","15":"open-shadow-hover-","17":"first","18":"instock","19":"shipping-taxable","20":"purchasable","21":"product-type-variable"},"jetpack_sharing_enabled":true,"_links":{"self":[{"href":"https:\/\/www.deporteseli.com\/index.php?rest_route=\/wp\/v2\/product\/36054","targetHints":{"allow":["GET"]}}],"collection":[{"href":"https:\/\/www.deporteseli.com\/index.php?rest_route=\/wp\/v2\/product"}],"about":[{"href":"https:\/\/www.deporteseli.com\/index.php?rest_route=\/wp\/v2\/types\/product"}],"wp:featuredmedia":[{"embeddable":true,"href":"https:\/\/www.deporteseli.com\/index.php?rest_route=\/wp\/v2\/media\/50728"}],"wp:attachment":[{"href":"https:\/\/www.deporteseli.com\/index.php?rest_route=%2Fwp%2Fv2%2Fmedia&parent=36054"}],"wp:term":[{"taxonomy":"product_brand","embeddable":true,"href":"https:\/\/www.deporteseli.com\/index.php?rest_route=%2Fwp%2Fv2%2Fproduct_brand&post=36054"},{"taxonomy":"product_cat","embeddable":true,"href":"https:\/\/www.deporteseli.com\/index.php?rest_route=%2Fwp%2Fv2%2Fproduct_cat&post=36054"},{"taxonomy":"product_tag","embeddable":true,"href":"https:\/\/www.deporteseli.com\/index.php?rest_route=%2Fwp%2Fv2%2Fproduct_tag&post=36054"}],"curies":[{"name":"wp","href":"https:\/\/api.w.org\/{rel}","templated":true}]}}