{"id":36052,"date":"2026-01-27T17:03:57","date_gmt":"2026-01-27T17:03:57","guid":{"rendered":"https:\/\/www.deporteseli.com\/?product=leggings-puma-essential-587035-01"},"modified":"2026-01-27T17:03:58","modified_gmt":"2026-01-27T17:03:58","slug":"leggings-puma-essential-587035-01","status":"publish","type":"product","link":"https:\/\/www.deporteseli.com\/?product=leggings-puma-essential-587035-01","title":{"rendered":"LEGGINGS PUMA ESSENTIAL 587035-01"},"content":{"rendered":"<p>Descripci\u00f3n del producto  Esta es la prueba viviente de que lo c\u00f3modo puede tener estilo. As\u00ed, estas mallas se convertir\u00e1n r\u00e1pidamente en un b\u00e1sico de tu armario. BCI: Al comprar productos de algod\u00f3n de PUMA, apoyas una producci\u00f3n m\u00e1s sostenible de algod\u00f3n mediante la Iniciativa del Mejor Algod\u00f3n (Better Cotton Initiative). M\u00e1s informaci\u00f3n en: bettercotton.org\/massbalance. Corte ce\u00f1ido. Cinturilla el\u00e1stica. Estampado del logotipo PUMA N.\u00ba 1 de goma en la parte inferior de la pierna izquierda. Algod\u00f3n y elastano. Exterior: 95% Algod\u00f3n, 5% Elastano. No planchar los estampados. Utilizar detergente especial para prendas de color. Lavar y planchar la prenda por el lado del rev\u00e9s. Lavar con colores similares.  Comentarios                                                                                                                                                                                                                                                                                                                                                                                                                                                                                                                                                                                                                                                                                                                                                                                                                                                                                                                                                                                                                                        <\/p>\n","protected":false},"excerpt":{"rendered":"<p>LEGGINGS PUMA ESSENTIAL 587035-01<\/p>\n","protected":false},"featured_media":50727,"template":"","meta":[],"product_brand":[],"product_cat":[386],"product_tag":[32],"class_list":{"0":"post-36052","1":"product","2":"type-product","3":"status-publish","4":"has-post-thumbnail","6":"product_cat-ninas_textil_mallas","7":"product_tag-puma","8":"pa_color-unico","9":"pa_talla-t-10","10":"thunk-woo-product-list","11":"opn-qv-enable","12":"open-woo-hover-","13":"open-single-product-tab-horizontal","14":"open-shadow-","15":"open-shadow-hover-","17":"first","18":"instock","19":"shipping-taxable","20":"purchasable","21":"product-type-variable"},"jetpack_sharing_enabled":true,"_links":{"self":[{"href":"https:\/\/www.deporteseli.com\/index.php?rest_route=\/wp\/v2\/product\/36052","targetHints":{"allow":["GET"]}}],"collection":[{"href":"https:\/\/www.deporteseli.com\/index.php?rest_route=\/wp\/v2\/product"}],"about":[{"href":"https:\/\/www.deporteseli.com\/index.php?rest_route=\/wp\/v2\/types\/product"}],"wp:featuredmedia":[{"embeddable":true,"href":"https:\/\/www.deporteseli.com\/index.php?rest_route=\/wp\/v2\/media\/50727"}],"wp:attachment":[{"href":"https:\/\/www.deporteseli.com\/index.php?rest_route=%2Fwp%2Fv2%2Fmedia&parent=36052"}],"wp:term":[{"taxonomy":"product_brand","embeddable":true,"href":"https:\/\/www.deporteseli.com\/index.php?rest_route=%2Fwp%2Fv2%2Fproduct_brand&post=36052"},{"taxonomy":"product_cat","embeddable":true,"href":"https:\/\/www.deporteseli.com\/index.php?rest_route=%2Fwp%2Fv2%2Fproduct_cat&post=36052"},{"taxonomy":"product_tag","embeddable":true,"href":"https:\/\/www.deporteseli.com\/index.php?rest_route=%2Fwp%2Fv2%2Fproduct_tag&post=36052"}],"curies":[{"name":"wp","href":"https:\/\/api.w.org\/{rel}","templated":true}]}}