{"id":36045,"date":"2026-01-27T17:03:48","date_gmt":"2026-01-27T17:03:48","guid":{"rendered":"https:\/\/www.deporteseli.com\/?product=sudadera-piping-zip-up"},"modified":"2026-01-27T17:03:51","modified_gmt":"2026-01-27T17:03:51","slug":"sudadera-piping-zip-up","status":"publish","type":"product","link":"https:\/\/www.deporteseli.com\/?product=sudadera-piping-zip-up","title":{"rendered":"SUDADERA PIPING ZIP-UP"},"content":{"rendered":"<p>CREMALLERA Y RIBETES EN LAS MANGAS HECHA DE ALGOD\u00d3N BETTER COTTON.  Todo el mundo tiene una sudadera favorita. Y es muy posible que este modelo de Reebok para mujer se convierta en la tuya. Su corte sobredimensionado te permite combinarla con otras capas los d\u00edas fr\u00edos. Los bolsillos tipo canguro en la parte delantera con cremallera te permite mantener las manos calientes y llevar las llaves y el m\u00f3vil a mano. Los ribetes en las mangas y el logo Reebok amplifican su look. Nuestros productos de algod\u00f3n se crean en su totalidad a trav\u00e9s del cultivo de algod\u00f3n sostenible y est\u00e1n hechos con al menos un 50 % de Better Cotton.  DETALLES  Utilizamos material procedente de socios de confianza cuyos m\u00e9todos buscan reducir el impacto medioambiental de la producci\u00f3n y mejorar el desarrollo econ\u00f3mico en las \u00e1reas productoras de algod\u00f3n.  Corte sobredimensionado.  Felpa perchada, 70 % algod\u00f3n \/ 30 % poli\u00e9ster reciclado.  Cremallera completa y capucha.  Bolsillos tipo canguro.  Pu\u00f1os y dobladillo con canal\u00e9.  Color del art\u00edculo: Black  N\u00famero de art\u00edculo: GV3297                                                                                                                                                                                                                                                                                                                                                                                                                                                                                                                                                                                                                                                                                                                                                                                                                                                                                                                                                                                                                                        <\/p>\n","protected":false},"excerpt":{"rendered":"<p>SUDADERA PIPING ZIP-UP<\/p>\n","protected":false},"featured_media":50717,"template":"","meta":[],"product_brand":[],"product_cat":[279],"product_tag":[41],"class_list":{"0":"post-36045","1":"product","2":"type-product","3":"status-publish","4":"has-post-thumbnail","6":"product_cat-mujer_textil_sudaderas","7":"product_tag-reebok","8":"pa_color-unico","9":"pa_talla-l","10":"pa_talla-xl","11":"thunk-woo-product-list","12":"opn-qv-enable","13":"open-woo-hover-","14":"open-single-product-tab-horizontal","15":"open-shadow-","16":"open-shadow-hover-","18":"first","19":"instock","20":"shipping-taxable","21":"purchasable","22":"product-type-variable"},"jetpack_sharing_enabled":true,"_links":{"self":[{"href":"https:\/\/www.deporteseli.com\/index.php?rest_route=\/wp\/v2\/product\/36045","targetHints":{"allow":["GET"]}}],"collection":[{"href":"https:\/\/www.deporteseli.com\/index.php?rest_route=\/wp\/v2\/product"}],"about":[{"href":"https:\/\/www.deporteseli.com\/index.php?rest_route=\/wp\/v2\/types\/product"}],"wp:featuredmedia":[{"embeddable":true,"href":"https:\/\/www.deporteseli.com\/index.php?rest_route=\/wp\/v2\/media\/50717"}],"wp:attachment":[{"href":"https:\/\/www.deporteseli.com\/index.php?rest_route=%2Fwp%2Fv2%2Fmedia&parent=36045"}],"wp:term":[{"taxonomy":"product_brand","embeddable":true,"href":"https:\/\/www.deporteseli.com\/index.php?rest_route=%2Fwp%2Fv2%2Fproduct_brand&post=36045"},{"taxonomy":"product_cat","embeddable":true,"href":"https:\/\/www.deporteseli.com\/index.php?rest_route=%2Fwp%2Fv2%2Fproduct_cat&post=36045"},{"taxonomy":"product_tag","embeddable":true,"href":"https:\/\/www.deporteseli.com\/index.php?rest_route=%2Fwp%2Fv2%2Fproduct_tag&post=36045"}],"curies":[{"name":"wp","href":"https:\/\/api.w.org\/{rel}","templated":true}]}}