{"id":36043,"date":"2026-01-27T17:03:46","date_gmt":"2026-01-27T17:03:46","guid":{"rendered":"https:\/\/www.deporteseli.com\/?product=mallas-training-essentials-vector"},"modified":"2026-01-27T17:03:47","modified_gmt":"2026-01-27T17:03:47","slug":"mallas-training-essentials-vector","status":"publish","type":"product","link":"https:\/\/www.deporteseli.com\/?product=mallas-training-essentials-vector","title":{"rendered":"MALLAS TRAINING ESSENTIALS VECTOR"},"content":{"rendered":"<p>MALLAS TRAINING ESSENTIALS VECTOR  UNAS MALLAS ELEGANTES QUE TE MANTIENEN FRESCA.  Hoy es el d\u00eda en que le vas a demostrar a esa m\u00e1quina de remo de qu\u00e9 est\u00e1s hecha. Estas mallas Reebok para mujer cuentan con una cintura el\u00e1stica de corte medio que a\u00f1ade sujeci\u00f3n y cobertura a tus movimientos. El tejido Speedwick repele el sudor de tu cuerpo y mantiene tu piel fresca y seca.  DETALLES  Ajuste ce\u00f1ido.  Punto liso, 93 % algod\u00f3n \/ 7 % elast\u00e1n.  Ideales para: cualquier tipo de entrenamiento.  Cintura el\u00e1stica.  Talle medio.  Color del art\u00edculo: Blue Slate  N\u00famero de art\u00edculo: H62055                                                                                                                                                                                                                                                                                                                                                                                                                                                                                                                                                                                                                                                                                                                                                                                                                                                                                                                                                                                                                                        <\/p>\n","protected":false},"excerpt":{"rendered":"<p>MALLAS TRAINING ESSENTIALS VECTOR<\/p>\n","protected":false},"featured_media":50713,"template":"","meta":[],"product_brand":[],"product_cat":[281],"product_tag":[41],"class_list":{"0":"post-36043","1":"product","2":"type-product","3":"status-publish","4":"has-post-thumbnail","6":"product_cat-mujer_textil_mallas","7":"product_tag-reebok","8":"pa_color-unico","9":"pa_talla-xs","10":"thunk-woo-product-list","11":"opn-qv-enable","12":"open-woo-hover-","13":"open-single-product-tab-horizontal","14":"open-shadow-","15":"open-shadow-hover-","17":"first","18":"instock","19":"shipping-taxable","20":"purchasable","21":"product-type-variable"},"jetpack_sharing_enabled":true,"_links":{"self":[{"href":"https:\/\/www.deporteseli.com\/index.php?rest_route=\/wp\/v2\/product\/36043","targetHints":{"allow":["GET"]}}],"collection":[{"href":"https:\/\/www.deporteseli.com\/index.php?rest_route=\/wp\/v2\/product"}],"about":[{"href":"https:\/\/www.deporteseli.com\/index.php?rest_route=\/wp\/v2\/types\/product"}],"wp:featuredmedia":[{"embeddable":true,"href":"https:\/\/www.deporteseli.com\/index.php?rest_route=\/wp\/v2\/media\/50713"}],"wp:attachment":[{"href":"https:\/\/www.deporteseli.com\/index.php?rest_route=%2Fwp%2Fv2%2Fmedia&parent=36043"}],"wp:term":[{"taxonomy":"product_brand","embeddable":true,"href":"https:\/\/www.deporteseli.com\/index.php?rest_route=%2Fwp%2Fv2%2Fproduct_brand&post=36043"},{"taxonomy":"product_cat","embeddable":true,"href":"https:\/\/www.deporteseli.com\/index.php?rest_route=%2Fwp%2Fv2%2Fproduct_cat&post=36043"},{"taxonomy":"product_tag","embeddable":true,"href":"https:\/\/www.deporteseli.com\/index.php?rest_route=%2Fwp%2Fv2%2Fproduct_tag&post=36043"}],"curies":[{"name":"wp","href":"https:\/\/api.w.org\/{rel}","templated":true}]}}