{"id":36041,"date":"2026-01-27T17:03:44","date_gmt":"2026-01-27T17:03:44","guid":{"rendered":"https:\/\/www.deporteseli.com\/?product=training-essentials-vector-sudadera-con-capuc"},"modified":"2026-01-27T17:03:45","modified_gmt":"2026-01-27T17:03:45","slug":"training-essentials-vector-sudadera-con-capuc","status":"publish","type":"product","link":"https:\/\/www.deporteseli.com\/?product=training-essentials-vector-sudadera-con-capuc","title":{"rendered":"TRAINING ESSENTIALS VECTOR SUDADERA CON CAPUC"},"content":{"rendered":"<p>SUDADERA CON CAPUCHA DE FELPA SUAVE CON CREMALLERA LARGA  Cada nuevo d\u00eda es diferente al anterior. Haz de esta sudadera con capucha Reebok para mujer una constante. El cierre de cremallera largo te permite adaptarte al clima y cambiar de estilo. El gran logo  Vector  en el pecho subraya su amor por el estilo deportivo.  SOBRE EL MODELO  Ajuste holgado  Material: felpa 70% algod\u00f3n \/ 30% poli\u00e9ster reciclado  Cremallera completa  capucha con cord\u00f3n  Bolsillo canguro dividido  Pu\u00f1os y dobladillo acanalados  Color del producto: negro.  N\u00famero de modelo: H62058                                                                                                                                                                                                                                                                                                                                                                                                                                                                                                                                                                                                                                                                                                                                                                                                                                                                                                                                                                                                                                        <\/p>\n","protected":false},"excerpt":{"rendered":"<p>TRAINING ESSENTIALS VECTOR SUDADERA CON CAPUC<\/p>\n","protected":false},"featured_media":50711,"template":"","meta":[],"product_brand":[],"product_cat":[279],"product_tag":[41],"class_list":{"0":"post-36041","1":"product","2":"type-product","3":"status-publish","4":"has-post-thumbnail","6":"product_cat-mujer_textil_sudaderas","7":"product_tag-reebok","8":"pa_color-unico","9":"pa_talla-m","10":"thunk-woo-product-list","11":"opn-qv-enable","12":"open-woo-hover-","13":"open-single-product-tab-horizontal","14":"open-shadow-","15":"open-shadow-hover-","17":"first","18":"instock","19":"shipping-taxable","20":"purchasable","21":"product-type-variable"},"jetpack_sharing_enabled":true,"_links":{"self":[{"href":"https:\/\/www.deporteseli.com\/index.php?rest_route=\/wp\/v2\/product\/36041","targetHints":{"allow":["GET"]}}],"collection":[{"href":"https:\/\/www.deporteseli.com\/index.php?rest_route=\/wp\/v2\/product"}],"about":[{"href":"https:\/\/www.deporteseli.com\/index.php?rest_route=\/wp\/v2\/types\/product"}],"wp:featuredmedia":[{"embeddable":true,"href":"https:\/\/www.deporteseli.com\/index.php?rest_route=\/wp\/v2\/media\/50711"}],"wp:attachment":[{"href":"https:\/\/www.deporteseli.com\/index.php?rest_route=%2Fwp%2Fv2%2Fmedia&parent=36041"}],"wp:term":[{"taxonomy":"product_brand","embeddable":true,"href":"https:\/\/www.deporteseli.com\/index.php?rest_route=%2Fwp%2Fv2%2Fproduct_brand&post=36041"},{"taxonomy":"product_cat","embeddable":true,"href":"https:\/\/www.deporteseli.com\/index.php?rest_route=%2Fwp%2Fv2%2Fproduct_cat&post=36041"},{"taxonomy":"product_tag","embeddable":true,"href":"https:\/\/www.deporteseli.com\/index.php?rest_route=%2Fwp%2Fv2%2Fproduct_tag&post=36041"}],"curies":[{"name":"wp","href":"https:\/\/api.w.org\/{rel}","templated":true}]}}