{"id":36039,"date":"2026-01-27T17:03:41","date_gmt":"2026-01-27T17:03:41","guid":{"rendered":"https:\/\/www.deporteseli.com\/?product=conjunto-de-jogger-grafico-brillante-de-icono"},"modified":"2026-01-27T17:03:43","modified_gmt":"2026-01-27T17:03:43","slug":"conjunto-de-jogger-grafico-brillante-de-icono","status":"publish","type":"product","link":"https:\/\/www.deporteseli.com\/?product=conjunto-de-jogger-grafico-brillante-de-icono","title":{"rendered":"CONJUNTO DE JOGGER GR\u00e1FICO BRILLANTE DE ICONO"},"content":{"rendered":"<p>UN CONJUNTO DE JOGGER CON EL ORGULLO DE ADIDAS DE PIES A CABEZA.  Haga del deporte la ra\u00edz de su juego diario con este juego de jogger de dos piezas para beb\u00e9s. La sudadera con capucha y los pantalones est\u00e1n hechos de un tricot suave y brillante y lucen un estampado adidas Badge of Sport en toda la prenda. Las ic\u00f3nicas 3 bandas en los brazos y las piernas completan el look. Este producto est\u00e1 elaborado con Primegreen, una serie de materiales reciclados de alto rendimiento.  ESPECIFICACIONES  Ajuste regular  Cremallera completa con capucha con forro de malla  Tricot 100% poli\u00e9ster reciclado  Sudadera con capucha: pu\u00f1os y dobladillo acanalados  Pantalones: cintura el\u00e1stica con cord\u00f3n  Pantalones: pu\u00f1os acanalados  Tricot  Primegreen  Color del producto: Bold Blue \/ White  C\u00f3digo de producto: H28833                                                                                                                                                                                                                                                                                                                                                                                                                                                                                                                                                                                                                                                                                                                                                                                                                                                                                                                                                                                                                                        <\/p>\n","protected":false},"excerpt":{"rendered":"<p>CONJUNTO DE JOGGER GR\u00e1FICO BRILLANTE DE ICONO<\/p>\n","protected":false},"featured_media":50706,"template":"","meta":[],"product_brand":[],"product_cat":[298],"product_tag":[18],"class_list":{"0":"post-36039","1":"product","2":"type-product","3":"status-publish","4":"has-post-thumbnail","6":"product_cat-nino_textil_chandals","7":"product_tag-adidas","8":"pa_color-unico","9":"pa_talla-103","10":"thunk-woo-product-list","11":"opn-qv-enable","12":"open-woo-hover-","13":"open-single-product-tab-horizontal","14":"open-shadow-","15":"open-shadow-hover-","17":"first","18":"instock","19":"shipping-taxable","20":"purchasable","21":"product-type-variable"},"jetpack_sharing_enabled":true,"_links":{"self":[{"href":"https:\/\/www.deporteseli.com\/index.php?rest_route=\/wp\/v2\/product\/36039","targetHints":{"allow":["GET"]}}],"collection":[{"href":"https:\/\/www.deporteseli.com\/index.php?rest_route=\/wp\/v2\/product"}],"about":[{"href":"https:\/\/www.deporteseli.com\/index.php?rest_route=\/wp\/v2\/types\/product"}],"wp:featuredmedia":[{"embeddable":true,"href":"https:\/\/www.deporteseli.com\/index.php?rest_route=\/wp\/v2\/media\/50706"}],"wp:attachment":[{"href":"https:\/\/www.deporteseli.com\/index.php?rest_route=%2Fwp%2Fv2%2Fmedia&parent=36039"}],"wp:term":[{"taxonomy":"product_brand","embeddable":true,"href":"https:\/\/www.deporteseli.com\/index.php?rest_route=%2Fwp%2Fv2%2Fproduct_brand&post=36039"},{"taxonomy":"product_cat","embeddable":true,"href":"https:\/\/www.deporteseli.com\/index.php?rest_route=%2Fwp%2Fv2%2Fproduct_cat&post=36039"},{"taxonomy":"product_tag","embeddable":true,"href":"https:\/\/www.deporteseli.com\/index.php?rest_route=%2Fwp%2Fv2%2Fproduct_tag&post=36039"}],"curies":[{"name":"wp","href":"https:\/\/api.w.org\/{rel}","templated":true}]}}