{"id":36035,"date":"2026-01-27T17:03:36","date_gmt":"2026-01-27T17:03:36","guid":{"rendered":"https:\/\/www.deporteseli.com\/?product=guantes-de-entrenamiento-hombre"},"modified":"2026-01-27T17:03:38","modified_gmt":"2026-01-27T17:03:38","slug":"guantes-de-entrenamiento-hombre","status":"publish","type":"product","link":"https:\/\/www.deporteseli.com\/?product=guantes-de-entrenamiento-hombre","title":{"rendered":"GUANTES DE ENTRENAMIENTO &#8211; HOMBRE"},"content":{"rendered":"<p>FLEXIBILIDAD Y POTENCIA PARA OPTIMIZAR EL ENTRENAMIENTO.      Los guantes Nike Extreme incorporan un acolchado de espuma de baja densidad y est\u00e1n confeccionados con materiales ligeros para favorecer la libertad de movimiento. El tejido de malla transpirable en la parte posterior de las manos y las perforaciones en las palmas favorecen la circulaci\u00f3n del aire para mantener la transpirabilidad y la comodidad durante el entrenamiento.      ventajas    Espuma de baja densidad que protege la palma sin sacrificar el tacto o la flexibilidad.  Cierres de velcro regulable en la mu\u00f1eca de malla para mantener la transpirabilidad.  Tiras de dicho integradas que hacen que sean f\u00e1ciles de poner y quitar.    Detalles del producto    Materiales: palma: 51% poli\u00e9ster, 22% nylon, 27% poliuretano. Reverso: 94% poli\u00e9ster \/ 4% nylon \/ 2% poliuretano. Otras partes: 52% poli\u00e9ster \/ 37% nylon \/ 9% elast\u00e1n \/ 2% poliuretano.  producto importado  Color mostrado: Negro \/ Anthracite \/ Blanco  Modelo: NLGC4-945                                                                                                                                                                                                                                                                                                                                                                                                                                                                                                                                                                                                                                                                                                                                                                                                                                                                                                                                                                                                                                        <\/p>\n","protected":false},"excerpt":{"rendered":"<p>GUANTES DE ENTRENAMIENTO &#8211; HOMBRE<\/p>\n","protected":false},"featured_media":50703,"template":"","meta":[],"product_brand":[],"product_cat":[342],"product_tag":[37],"class_list":{"0":"post-36035","1":"product","2":"type-product","3":"status-publish","4":"has-post-thumbnail","6":"product_cat-deportes_gimnasio_guantes","7":"product_tag-nike","8":"pa_color-unico","9":"pa_talla-s","10":"thunk-woo-product-list","11":"opn-qv-enable","12":"open-woo-hover-","13":"open-single-product-tab-horizontal","14":"open-shadow-","15":"open-shadow-hover-","17":"first","18":"instock","19":"shipping-taxable","20":"purchasable","21":"product-type-variable"},"jetpack_sharing_enabled":true,"_links":{"self":[{"href":"https:\/\/www.deporteseli.com\/index.php?rest_route=\/wp\/v2\/product\/36035","targetHints":{"allow":["GET"]}}],"collection":[{"href":"https:\/\/www.deporteseli.com\/index.php?rest_route=\/wp\/v2\/product"}],"about":[{"href":"https:\/\/www.deporteseli.com\/index.php?rest_route=\/wp\/v2\/types\/product"}],"wp:featuredmedia":[{"embeddable":true,"href":"https:\/\/www.deporteseli.com\/index.php?rest_route=\/wp\/v2\/media\/50703"}],"wp:attachment":[{"href":"https:\/\/www.deporteseli.com\/index.php?rest_route=%2Fwp%2Fv2%2Fmedia&parent=36035"}],"wp:term":[{"taxonomy":"product_brand","embeddable":true,"href":"https:\/\/www.deporteseli.com\/index.php?rest_route=%2Fwp%2Fv2%2Fproduct_brand&post=36035"},{"taxonomy":"product_cat","embeddable":true,"href":"https:\/\/www.deporteseli.com\/index.php?rest_route=%2Fwp%2Fv2%2Fproduct_cat&post=36035"},{"taxonomy":"product_tag","embeddable":true,"href":"https:\/\/www.deporteseli.com\/index.php?rest_route=%2Fwp%2Fv2%2Fproduct_tag&post=36035"}],"curies":[{"name":"wp","href":"https:\/\/api.w.org\/{rel}","templated":true}]}}