{"id":36029,"date":"2026-01-27T17:03:26","date_gmt":"2026-01-27T17:03:26","guid":{"rendered":"https:\/\/www.deporteseli.com\/?product=polo-primeblue-designed-to-move-sport-3-banda-2"},"modified":"2026-01-27T17:03:28","modified_gmt":"2026-01-27T17:03:28","slug":"polo-primeblue-designed-to-move-sport-3-banda-2","status":"publish","type":"product","link":"https:\/\/www.deporteseli.com\/?product=polo-primeblue-designed-to-move-sport-3-banda-2","title":{"rendered":"POLO PRIMEBLUE DESIGNED TO MOVE SPORT 3 BANDA"},"content":{"rendered":"<p>POLO PRIMEBLUE DESIGNED TO MOVE SPORT 3 BANDAS  EL PASADO LLENA DE ESTILO EL PRESENTE  Necesitas prendas que est\u00e9n a la altura de tu ritmo de vida activo. Este polo de manga corta presenta un dise\u00f1o cl\u00e1sico con un tejido transpirable AEROREADY que mantiene la piel seca y garantiza la m\u00e1xima comodidad.    Este producto se ha confeccionado con Primeblue, un tejido reciclado de alto rendimiento creado con Parley Ocean Plastic.                                                                                                                                                                                                                                                                                                                                                                                                                                                                                                                                                                                                                                                                                                                                                                                                                                                                                                                                                                                                                                        <\/p>\n","protected":false},"excerpt":{"rendered":"<p>POLO PRIMEBLUE DESIGNED TO MOVE SPORT 3 BANDA<\/p>\n","protected":false},"featured_media":50694,"template":"","meta":[],"product_brand":[],"product_cat":[245],"product_tag":[18],"class_list":{"0":"post-36029","1":"product","2":"type-product","3":"status-publish","4":"has-post-thumbnail","6":"product_cat-hombre_textil_camisetas","7":"product_tag-adidas","8":"pa_color-unico","9":"pa_talla-m","10":"thunk-woo-product-list","11":"opn-qv-enable","12":"open-woo-hover-","13":"open-single-product-tab-horizontal","14":"open-shadow-","15":"open-shadow-hover-","17":"first","18":"instock","19":"shipping-taxable","20":"purchasable","21":"product-type-variable"},"jetpack_sharing_enabled":true,"_links":{"self":[{"href":"https:\/\/www.deporteseli.com\/index.php?rest_route=\/wp\/v2\/product\/36029","targetHints":{"allow":["GET"]}}],"collection":[{"href":"https:\/\/www.deporteseli.com\/index.php?rest_route=\/wp\/v2\/product"}],"about":[{"href":"https:\/\/www.deporteseli.com\/index.php?rest_route=\/wp\/v2\/types\/product"}],"wp:featuredmedia":[{"embeddable":true,"href":"https:\/\/www.deporteseli.com\/index.php?rest_route=\/wp\/v2\/media\/50694"}],"wp:attachment":[{"href":"https:\/\/www.deporteseli.com\/index.php?rest_route=%2Fwp%2Fv2%2Fmedia&parent=36029"}],"wp:term":[{"taxonomy":"product_brand","embeddable":true,"href":"https:\/\/www.deporteseli.com\/index.php?rest_route=%2Fwp%2Fv2%2Fproduct_brand&post=36029"},{"taxonomy":"product_cat","embeddable":true,"href":"https:\/\/www.deporteseli.com\/index.php?rest_route=%2Fwp%2Fv2%2Fproduct_cat&post=36029"},{"taxonomy":"product_tag","embeddable":true,"href":"https:\/\/www.deporteseli.com\/index.php?rest_route=%2Fwp%2Fv2%2Fproduct_tag&post=36029"}],"curies":[{"name":"wp","href":"https:\/\/api.w.org\/{rel}","templated":true}]}}