{"id":36023,"date":"2026-01-27T17:03:18","date_gmt":"2026-01-27T17:03:18","guid":{"rendered":"https:\/\/www.deporteseli.com\/?product=camiseta-classics-international-2"},"modified":"2026-01-27T17:03:19","modified_gmt":"2026-01-27T17:03:19","slug":"camiseta-classics-international-2","status":"publish","type":"product","link":"https:\/\/www.deporteseli.com\/?product=camiseta-classics-international-2","title":{"rendered":"CAMISETA CLASSICS INTERNATIONAL"},"content":{"rendered":"<p>UNA CAMISETA DE ALGOD\u00d3N SUAVE CON UN GR\u00c1FICO INSPIRADO EN LA TEMPORADA DE ESQU\u00cd.  \u00bfOyes la llamada? La carretera te est\u00e1 esperando. Esta camiseta Reebok holgada es tu compa\u00f1era perfecta para todas tus aventuras. Su original gr\u00e1fico muestra un paisaje de monta\u00f1a, una tienda de campa\u00f1a y una fogata. En otras palabras: tu sue\u00f1o hecho camiseta. Nuestros productos de algod\u00f3n se crean en su totalidad a trav\u00e9s del cultivo de algod\u00f3n sostenible y est\u00e1n hechos con al menos un 50 % de Better Cotton.  DETALLES  Utilizamos material procedente de socios confiables cuyo enfoque busca reducir el impacto medioambiental de la producci\u00f3n y mejorar el desarrollo econ\u00f3mico en las \u00e1reas productoras de algod\u00f3n.  Corte sobredimensionado.  Punto simple 100 % algod\u00f3n.  Cuello redondo con canal\u00e9.  Dise\u00f1o de manga corta.  Color del art\u00edculo: Chalk  N\u00famero de art\u00edculo: GV3460                                                                                                                                                                                                                                                                                                                                                                                                                                                                                                                                                                                                                                                                                                                                                                                                                                                                                                                                                                                                                                        <\/p>\n","protected":false},"excerpt":{"rendered":"<p>CAMISETA CLASSICS INTERNATIONAL<\/p>\n","protected":false},"featured_media":50682,"template":"","meta":[],"product_brand":[],"product_cat":[245],"product_tag":[41],"class_list":{"0":"post-36023","1":"product","2":"type-product","3":"status-publish","4":"has-post-thumbnail","6":"product_cat-hombre_textil_camisetas","7":"product_tag-reebok","8":"pa_color-unico","9":"pa_talla-l","10":"thunk-woo-product-list","11":"opn-qv-enable","12":"open-woo-hover-","13":"open-single-product-tab-horizontal","14":"open-shadow-","15":"open-shadow-hover-","17":"first","18":"instock","19":"shipping-taxable","20":"purchasable","21":"product-type-variable"},"jetpack_sharing_enabled":true,"_links":{"self":[{"href":"https:\/\/www.deporteseli.com\/index.php?rest_route=\/wp\/v2\/product\/36023","targetHints":{"allow":["GET"]}}],"collection":[{"href":"https:\/\/www.deporteseli.com\/index.php?rest_route=\/wp\/v2\/product"}],"about":[{"href":"https:\/\/www.deporteseli.com\/index.php?rest_route=\/wp\/v2\/types\/product"}],"wp:featuredmedia":[{"embeddable":true,"href":"https:\/\/www.deporteseli.com\/index.php?rest_route=\/wp\/v2\/media\/50682"}],"wp:attachment":[{"href":"https:\/\/www.deporteseli.com\/index.php?rest_route=%2Fwp%2Fv2%2Fmedia&parent=36023"}],"wp:term":[{"taxonomy":"product_brand","embeddable":true,"href":"https:\/\/www.deporteseli.com\/index.php?rest_route=%2Fwp%2Fv2%2Fproduct_brand&post=36023"},{"taxonomy":"product_cat","embeddable":true,"href":"https:\/\/www.deporteseli.com\/index.php?rest_route=%2Fwp%2Fv2%2Fproduct_cat&post=36023"},{"taxonomy":"product_tag","embeddable":true,"href":"https:\/\/www.deporteseli.com\/index.php?rest_route=%2Fwp%2Fv2%2Fproduct_tag&post=36023"}],"curies":[{"name":"wp","href":"https:\/\/api.w.org\/{rel}","templated":true}]}}