{"id":36021,"date":"2026-01-27T17:03:15","date_gmt":"2026-01-27T17:03:15","guid":{"rendered":"https:\/\/www.deporteseli.com\/?product=camiseta-classics-international"},"modified":"2026-01-27T17:03:17","modified_gmt":"2026-01-27T17:03:17","slug":"camiseta-classics-international","status":"publish","type":"product","link":"https:\/\/www.deporteseli.com\/?product=camiseta-classics-international","title":{"rendered":"CAMISETA CLASSICS INTERNATIONAL"},"content":{"rendered":"<p>UNA CAMISETA DE ALGOD\u00d3N BETTER COTTON CON UN GR\u00c1FICO INSPIRADO EN EL ESQU\u00cd.  \u00bfRecorrer las pistas de esqu\u00ed de todo el mundo y, ya de paso, mejorar tu t\u00e9cnica de descenso? \u00bfD\u00f3nde hay que firmar? Ponte esta camiseta con gr\u00e1fico Reebok y mu\u00e9strale al mundo d\u00f3nde te gustar\u00eda ir en tu pr\u00f3xima escapada. Su corte holgado en algod\u00f3n te mantiene c\u00f3modo adonde sea que te lleve tu siguiente aventura. Nuestros productos de algod\u00f3n se crean en su totalidad a trav\u00e9s del cultivo de algod\u00f3n sostenible y est\u00e1n hechos con al menos un 50 % de Better Cotton.  DETALLES  Utilizamos material procedente de socios de confianza cuyos m\u00e9todos buscan reducir el impacto medioambiental de la producci\u00f3n y mejorar el desarrollo econ\u00f3mico en las \u00e1reas productoras de algod\u00f3n.  Corte sobredimensionado.  Punto simple 100 % algod\u00f3n.  Cuello redondo con canal\u00e9.  Dise\u00f1o de manga corta.  Color del art\u00edculo: Chalk  N\u00famero de art\u00edculo: GV3458                                                                                                                                                                                                                                                                                                                                                                                                                                                                                                                                                                                                                                                                                                                                                                                                                                                                                                                                                                                                                                        <\/p>\n","protected":false},"excerpt":{"rendered":"<p>CAMISETA CLASSICS INTERNATIONAL<\/p>\n","protected":false},"featured_media":50678,"template":"","meta":[],"product_brand":[],"product_cat":[245],"product_tag":[41],"class_list":{"0":"post-36021","1":"product","2":"type-product","3":"status-publish","4":"has-post-thumbnail","6":"product_cat-hombre_textil_camisetas","7":"product_tag-reebok","8":"pa_color-unico","9":"pa_talla-l","10":"thunk-woo-product-list","11":"opn-qv-enable","12":"open-woo-hover-","13":"open-single-product-tab-horizontal","14":"open-shadow-","15":"open-shadow-hover-","17":"first","18":"instock","19":"shipping-taxable","20":"purchasable","21":"product-type-variable"},"jetpack_sharing_enabled":true,"_links":{"self":[{"href":"https:\/\/www.deporteseli.com\/index.php?rest_route=\/wp\/v2\/product\/36021","targetHints":{"allow":["GET"]}}],"collection":[{"href":"https:\/\/www.deporteseli.com\/index.php?rest_route=\/wp\/v2\/product"}],"about":[{"href":"https:\/\/www.deporteseli.com\/index.php?rest_route=\/wp\/v2\/types\/product"}],"wp:featuredmedia":[{"embeddable":true,"href":"https:\/\/www.deporteseli.com\/index.php?rest_route=\/wp\/v2\/media\/50678"}],"wp:attachment":[{"href":"https:\/\/www.deporteseli.com\/index.php?rest_route=%2Fwp%2Fv2%2Fmedia&parent=36021"}],"wp:term":[{"taxonomy":"product_brand","embeddable":true,"href":"https:\/\/www.deporteseli.com\/index.php?rest_route=%2Fwp%2Fv2%2Fproduct_brand&post=36021"},{"taxonomy":"product_cat","embeddable":true,"href":"https:\/\/www.deporteseli.com\/index.php?rest_route=%2Fwp%2Fv2%2Fproduct_cat&post=36021"},{"taxonomy":"product_tag","embeddable":true,"href":"https:\/\/www.deporteseli.com\/index.php?rest_route=%2Fwp%2Fv2%2Fproduct_tag&post=36021"}],"curies":[{"name":"wp","href":"https:\/\/api.w.org\/{rel}","templated":true}]}}