{"id":36017,"date":"2026-01-27T17:03:08","date_gmt":"2026-01-27T17:03:08","guid":{"rendered":"https:\/\/www.deporteseli.com\/?product=rinonera-workout-ready-2"},"modified":"2026-01-27T17:03:10","modified_gmt":"2026-01-27T17:03:10","slug":"rinonera-workout-ready-2","status":"publish","type":"product","link":"https:\/\/www.deporteseli.com\/?product=rinonera-workout-ready-2","title":{"rendered":"RI\u00f1ONERA WORKOUT READY"},"content":{"rendered":"<p>UNA RI\u00d1ONERA PARA TUS TRAYECTOS DIARIOS POR LA CIUDAD O AL GYM.  Pegada a ti. Esta ri\u00f1onera cuenta con el tama\u00f1o perfecto para guardar tus art\u00edculos m\u00e1s imprescindibles de forma segura. La correa regulable te permite ajustarla a medida.  DETALLES  100 % poli\u00e9ster.  6 cm x 23 cm x 10,5 cm  1,44 litros.  Compartimento principal con cremallera.  Correa ajustable con cierre de hebilla.  Color del art\u00edculo: Pursuit Pink  N\u00famero de art\u00edculo: H23404                                                                                                                                                                                                                                                                                                                                                                                                                                                                                                                                                                                                                                                                                                                                                                                                                                                                                                                                                                                                                                        <\/p>\n","protected":false},"excerpt":{"rendered":"<p>RI\u00f1ONERA WORKOUT READY<\/p>\n","protected":false},"featured_media":50669,"template":"","meta":[],"product_brand":[],"product_cat":[410],"product_tag":[41],"class_list":{"0":"post-36017","1":"product","2":"type-product","3":"status-publish","4":"has-post-thumbnail","6":"product_cat-accesorios_rinoneras","7":"product_tag-reebok","8":"pa_color-unico","9":"pa_talla-unica","10":"thunk-woo-product-list","11":"opn-qv-enable","12":"open-woo-hover-","13":"open-single-product-tab-horizontal","14":"open-shadow-","15":"open-shadow-hover-","17":"first","18":"instock","19":"shipping-taxable","20":"purchasable","21":"product-type-variable"},"jetpack_sharing_enabled":true,"_links":{"self":[{"href":"https:\/\/www.deporteseli.com\/index.php?rest_route=\/wp\/v2\/product\/36017","targetHints":{"allow":["GET"]}}],"collection":[{"href":"https:\/\/www.deporteseli.com\/index.php?rest_route=\/wp\/v2\/product"}],"about":[{"href":"https:\/\/www.deporteseli.com\/index.php?rest_route=\/wp\/v2\/types\/product"}],"wp:featuredmedia":[{"embeddable":true,"href":"https:\/\/www.deporteseli.com\/index.php?rest_route=\/wp\/v2\/media\/50669"}],"wp:attachment":[{"href":"https:\/\/www.deporteseli.com\/index.php?rest_route=%2Fwp%2Fv2%2Fmedia&parent=36017"}],"wp:term":[{"taxonomy":"product_brand","embeddable":true,"href":"https:\/\/www.deporteseli.com\/index.php?rest_route=%2Fwp%2Fv2%2Fproduct_brand&post=36017"},{"taxonomy":"product_cat","embeddable":true,"href":"https:\/\/www.deporteseli.com\/index.php?rest_route=%2Fwp%2Fv2%2Fproduct_cat&post=36017"},{"taxonomy":"product_tag","embeddable":true,"href":"https:\/\/www.deporteseli.com\/index.php?rest_route=%2Fwp%2Fv2%2Fproduct_tag&post=36017"}],"curies":[{"name":"wp","href":"https:\/\/api.w.org\/{rel}","templated":true}]}}