{"id":36015,"date":"2026-01-27T17:03:06","date_gmt":"2026-01-27T17:03:06","guid":{"rendered":"https:\/\/www.deporteseli.com\/?product=rinonera-classics-foundation"},"modified":"2026-01-27T17:03:07","modified_gmt":"2026-01-27T17:03:07","slug":"rinonera-classics-foundation","status":"publish","type":"product","link":"https:\/\/www.deporteseli.com\/?product=rinonera-classics-foundation","title":{"rendered":"RI\u00f1ONERA CLASSICS FOUNDATION"},"content":{"rendered":"<p>UNA C\u00d3MODA RI\u00d1ONERA CON UN LOGOTIPO DE ARCHIVO.  Muestra tu pasi\u00f3n por el deporte. Esta ri\u00f1onera luce un logotipo Vector grande que evoca las ra\u00edces deportivas de Reebok. La correa para la cintura es ajustable para m\u00e1s confort. Cuenta con un bolsillo principal con cremallera para guardar tus cosas con seguridad.      DETALLES  Punto liso 100 % poli\u00e9ster.  2,5 litros.  Compartimento principal con cremallera.  Correa para la cintura ajustable.  Color del art\u00edculo: Vector Navy \/ Vector Navy  N\u00famero de art\u00edculo: GP0156                                                                                                                                                                                                                                                                                                                                                                                                                                                                                                                                                                                                                                                                                                                                                                                                                                                                                                                                                                                                                                        <\/p>\n","protected":false},"excerpt":{"rendered":"<p>RI\u00f1ONERA CLASSICS FOUNDATION<\/p>\n","protected":false},"featured_media":50666,"template":"","meta":[],"product_brand":[],"product_cat":[410],"product_tag":[41],"class_list":{"0":"post-36015","1":"product","2":"type-product","3":"status-publish","4":"has-post-thumbnail","6":"product_cat-accesorios_rinoneras","7":"product_tag-reebok","8":"pa_color-unico","9":"pa_talla-unica","10":"thunk-woo-product-list","11":"opn-qv-enable","12":"open-woo-hover-","13":"open-single-product-tab-horizontal","14":"open-shadow-","15":"open-shadow-hover-","17":"first","18":"instock","19":"shipping-taxable","20":"purchasable","21":"product-type-variable"},"jetpack_sharing_enabled":true,"_links":{"self":[{"href":"https:\/\/www.deporteseli.com\/index.php?rest_route=\/wp\/v2\/product\/36015","targetHints":{"allow":["GET"]}}],"collection":[{"href":"https:\/\/www.deporteseli.com\/index.php?rest_route=\/wp\/v2\/product"}],"about":[{"href":"https:\/\/www.deporteseli.com\/index.php?rest_route=\/wp\/v2\/types\/product"}],"wp:featuredmedia":[{"embeddable":true,"href":"https:\/\/www.deporteseli.com\/index.php?rest_route=\/wp\/v2\/media\/50666"}],"wp:attachment":[{"href":"https:\/\/www.deporteseli.com\/index.php?rest_route=%2Fwp%2Fv2%2Fmedia&parent=36015"}],"wp:term":[{"taxonomy":"product_brand","embeddable":true,"href":"https:\/\/www.deporteseli.com\/index.php?rest_route=%2Fwp%2Fv2%2Fproduct_brand&post=36015"},{"taxonomy":"product_cat","embeddable":true,"href":"https:\/\/www.deporteseli.com\/index.php?rest_route=%2Fwp%2Fv2%2Fproduct_cat&post=36015"},{"taxonomy":"product_tag","embeddable":true,"href":"https:\/\/www.deporteseli.com\/index.php?rest_route=%2Fwp%2Fv2%2Fproduct_tag&post=36015"}],"curies":[{"name":"wp","href":"https:\/\/api.w.org\/{rel}","templated":true}]}}