{"id":36010,"date":"2026-01-27T17:02:58","date_gmt":"2026-01-27T17:02:58","guid":{"rendered":"https:\/\/www.deporteseli.com\/?product=reebok-royal-classic-jogger-3-2"},"modified":"2026-02-18T18:16:21","modified_gmt":"2026-02-18T18:16:21","slug":"reebok-royal-classic-jogger-3-2","status":"publish","type":"product","link":"https:\/\/www.deporteseli.com\/?product=reebok-royal-classic-jogger-3-2","title":{"rendered":"REEBOK ROYAL CLASSIC JOGGER 3"},"content":{"rendered":"<p>UNA ZAPATILLA REEBOK EN COLORES VIBRANTES.  Equ\u00edpala para la acci\u00f3n. Esta zapatilla para ni\u00f1as peque\u00f1as tiene la parte superior de tejido suave para que sienta sus pies c\u00f3modos mientras corretea de un lado para otro. Las rayas laterales brillantes a\u00f1aden un toque llamativo, mientras que el logo Vector infunde un estilo Reebok aut\u00e9ntico. El cierre de correa de velcro sobre los cordones a\u00f1ade sujeci\u00f3n extra para sus peque\u00f1os pies.  DETALLES  Parte superior de tela.  Cierre de cordones con tira de velcro.  Forro de tela.  Suela de caucho.  Color del art\u00edculo: Vector Navy \/ True Pink \/ Cloud White  N\u00famero de art\u00edculo: GX0918                                                                                                                                                                                                                                                                                                                                                                                                                                                                                                                                                                                                                                                                                                                                                                                                                                                                                                                                                                                                                                        <\/p>\n","protected":false},"excerpt":{"rendered":"<p>REEBOK ROYAL CLASSIC JOGGER 3<\/p>\n","protected":false},"featured_media":50655,"template":"","meta":[],"product_brand":[],"product_cat":[237],"product_tag":[41],"class_list":{"0":"post-36010","1":"product","2":"type-product","3":"status-publish","4":"has-post-thumbnail","6":"product_cat-outlet_calzado","7":"product_tag-reebok","8":"pa_color-unico","9":"pa_talla-113","10":"pa_talla-t-20","11":"thunk-woo-product-list","12":"opn-qv-enable","13":"open-woo-hover-","14":"open-single-product-tab-horizontal","15":"open-shadow-","16":"open-shadow-hover-","18":"first","19":"instock","20":"shipping-taxable","21":"purchasable","22":"product-type-variable"},"jetpack_sharing_enabled":true,"_links":{"self":[{"href":"https:\/\/www.deporteseli.com\/index.php?rest_route=\/wp\/v2\/product\/36010","targetHints":{"allow":["GET"]}}],"collection":[{"href":"https:\/\/www.deporteseli.com\/index.php?rest_route=\/wp\/v2\/product"}],"about":[{"href":"https:\/\/www.deporteseli.com\/index.php?rest_route=\/wp\/v2\/types\/product"}],"wp:featuredmedia":[{"embeddable":true,"href":"https:\/\/www.deporteseli.com\/index.php?rest_route=\/wp\/v2\/media\/50655"}],"wp:attachment":[{"href":"https:\/\/www.deporteseli.com\/index.php?rest_route=%2Fwp%2Fv2%2Fmedia&parent=36010"}],"wp:term":[{"taxonomy":"product_brand","embeddable":true,"href":"https:\/\/www.deporteseli.com\/index.php?rest_route=%2Fwp%2Fv2%2Fproduct_brand&post=36010"},{"taxonomy":"product_cat","embeddable":true,"href":"https:\/\/www.deporteseli.com\/index.php?rest_route=%2Fwp%2Fv2%2Fproduct_cat&post=36010"},{"taxonomy":"product_tag","embeddable":true,"href":"https:\/\/www.deporteseli.com\/index.php?rest_route=%2Fwp%2Fv2%2Fproduct_tag&post=36010"}],"curies":[{"name":"wp","href":"https:\/\/api.w.org\/{rel}","templated":true}]}}