{"id":36003,"date":"2026-01-27T17:02:48","date_gmt":"2026-01-27T17:02:48","guid":{"rendered":"https:\/\/www.deporteseli.com\/?product=reebok-royal-prime-2-5"},"modified":"2026-03-26T05:18:39","modified_gmt":"2026-03-26T05:18:39","slug":"reebok-royal-prime-2-5","status":"publish","type":"product","link":"https:\/\/www.deporteseli.com\/?product=reebok-royal-prime-2-5","title":{"rendered":"REEBOK ROYAL PRIME 2"},"content":{"rendered":"<p>UNA ZAPATILLA PARA LAS M\u00c1S PEQUES.  Blanco sobre blanco. Esta zapa para ni\u00f1a est\u00e1 llena de buenas vibraciones. Viene con dos correas de velcro para que sea m\u00e1s f\u00e1cil de poner y quitar. La suela est\u00e1 dise\u00f1ada para resistir todas sus aventuras.  DETALLES  Parte superior de material sint\u00e9tico.  Suela de caucho resistente al desgaste para una mayor durabilidad y capacidad de respuesta.  Color del art\u00edculo: Blue Slate \/ Blue Slate \/ Pink Glow  N\u00famero de art\u00edculo: H04962                                                                                                                                                                                                                                                                                                                                                                                                                                                                                                                                                                                                                                                                                                                                                                                                                                                                                                                                                                                                                                        <\/p>\n","protected":false},"excerpt":{"rendered":"<p>REEBOK ROYAL PRIME 2<\/p>\n","protected":false},"featured_media":50645,"template":"","meta":[],"product_brand":[],"product_cat":[237],"product_tag":[41],"class_list":{"0":"post-36003","1":"product","2":"type-product","3":"status-publish","4":"has-post-thumbnail","6":"product_cat-outlet_calzado","7":"product_tag-reebok","8":"pa_color-unico","9":"pa_talla-113","10":"pa_talla-23-5","11":"pa_talla-117","12":"pa_talla-t-19","13":"thunk-woo-product-list","14":"opn-qv-enable","15":"open-woo-hover-","16":"open-single-product-tab-horizontal","17":"open-shadow-","18":"open-shadow-hover-","20":"first","21":"instock","22":"shipping-taxable","23":"purchasable","24":"product-type-variable"},"jetpack_sharing_enabled":true,"_links":{"self":[{"href":"https:\/\/www.deporteseli.com\/index.php?rest_route=\/wp\/v2\/product\/36003","targetHints":{"allow":["GET"]}}],"collection":[{"href":"https:\/\/www.deporteseli.com\/index.php?rest_route=\/wp\/v2\/product"}],"about":[{"href":"https:\/\/www.deporteseli.com\/index.php?rest_route=\/wp\/v2\/types\/product"}],"wp:featuredmedia":[{"embeddable":true,"href":"https:\/\/www.deporteseli.com\/index.php?rest_route=\/wp\/v2\/media\/50645"}],"wp:attachment":[{"href":"https:\/\/www.deporteseli.com\/index.php?rest_route=%2Fwp%2Fv2%2Fmedia&parent=36003"}],"wp:term":[{"taxonomy":"product_brand","embeddable":true,"href":"https:\/\/www.deporteseli.com\/index.php?rest_route=%2Fwp%2Fv2%2Fproduct_brand&post=36003"},{"taxonomy":"product_cat","embeddable":true,"href":"https:\/\/www.deporteseli.com\/index.php?rest_route=%2Fwp%2Fv2%2Fproduct_cat&post=36003"},{"taxonomy":"product_tag","embeddable":true,"href":"https:\/\/www.deporteseli.com\/index.php?rest_route=%2Fwp%2Fv2%2Fproduct_tag&post=36003"}],"curies":[{"name":"wp","href":"https:\/\/api.w.org\/{rel}","templated":true}]}}