{"id":35997,"date":"2026-01-27T17:02:39","date_gmt":"2026-01-27T17:02:39","guid":{"rendered":"https:\/\/www.deporteseli.com\/?product=mallas-disenadas-con-2-movimientos-y-3-bandas-2"},"modified":"2026-01-27T17:02:44","modified_gmt":"2026-01-27T17:02:44","slug":"mallas-disenadas-con-2-movimientos-y-3-bandas-2","status":"publish","type":"product","link":"https:\/\/www.deporteseli.com\/?product=mallas-disenadas-con-2-movimientos-y-3-bandas-2","title":{"rendered":"MALLAS DISE\u00f1ADAS CON 2 MOVIMIENTOS Y 3 BANDAS"},"content":{"rendered":"<p>MEDIAS DE USO DIARIO PARA MAYOR COMODIDAD MIENTRAS VIAJA.  Salga con comodidad vers\u00e1til con estas mallas adidas para j\u00f3venes. AEROREADY, que absorbe la humedad, te mantiene seco y el ajuste ce\u00f1ido te permite doblarte, estirarte y moverte a lo largo del d\u00eda con confianza. Este producto est\u00e1 elaborado con Primegreen, una serie de materiales reciclados de alto rendimiento.  ESPECIFICACIONES  Ajuste apretado  Cintura el\u00e1stica  Punto liso 91% poli\u00e9ster reciclado, 9% elastano  Suave y transpirable  A medio levantar  Absorbente de humedad  Jersey sencillo  Primegreen  Color del art\u00edculo: Legend Ink \/ White  C\u00f3digo de producto: GN1452                                                                                                                                                                                                                                                                                                                                                                                                                                                                                                                                                                                                                                                                                                                                                                                                                                                                                                                                                                                                                                        <\/p>\n","protected":false},"excerpt":{"rendered":"<p>MALLAS DISE\u00f1ADAS CON 2 MOVIMIENTOS Y 3 BANDAS<\/p>\n","protected":false},"featured_media":50634,"template":"","meta":[],"product_brand":[],"product_cat":[386],"product_tag":[18],"class_list":{"0":"post-35997","1":"product","2":"type-product","3":"status-publish","4":"has-post-thumbnail","6":"product_cat-ninas_textil_mallas","7":"product_tag-adidas","8":"pa_color-unico","9":"pa_talla-t-10","10":"pa_talla-t-14","11":"pa_talla-t-8","12":"thunk-woo-product-list","13":"opn-qv-enable","14":"open-woo-hover-","15":"open-single-product-tab-horizontal","16":"open-shadow-","17":"open-shadow-hover-","19":"first","20":"instock","21":"shipping-taxable","22":"purchasable","23":"product-type-variable"},"jetpack_sharing_enabled":true,"_links":{"self":[{"href":"https:\/\/www.deporteseli.com\/index.php?rest_route=\/wp\/v2\/product\/35997","targetHints":{"allow":["GET"]}}],"collection":[{"href":"https:\/\/www.deporteseli.com\/index.php?rest_route=\/wp\/v2\/product"}],"about":[{"href":"https:\/\/www.deporteseli.com\/index.php?rest_route=\/wp\/v2\/types\/product"}],"wp:featuredmedia":[{"embeddable":true,"href":"https:\/\/www.deporteseli.com\/index.php?rest_route=\/wp\/v2\/media\/50634"}],"wp:attachment":[{"href":"https:\/\/www.deporteseli.com\/index.php?rest_route=%2Fwp%2Fv2%2Fmedia&parent=35997"}],"wp:term":[{"taxonomy":"product_brand","embeddable":true,"href":"https:\/\/www.deporteseli.com\/index.php?rest_route=%2Fwp%2Fv2%2Fproduct_brand&post=35997"},{"taxonomy":"product_cat","embeddable":true,"href":"https:\/\/www.deporteseli.com\/index.php?rest_route=%2Fwp%2Fv2%2Fproduct_cat&post=35997"},{"taxonomy":"product_tag","embeddable":true,"href":"https:\/\/www.deporteseli.com\/index.php?rest_route=%2Fwp%2Fv2%2Fproduct_tag&post=35997"}],"curies":[{"name":"wp","href":"https:\/\/api.w.org\/{rel}","templated":true}]}}