{"id":35995,"date":"2026-01-27T17:02:36","date_gmt":"2026-01-27T17:02:36","guid":{"rendered":"https:\/\/www.deporteseli.com\/?product=calcetines-nike-5"},"modified":"2026-01-27T17:02:38","modified_gmt":"2026-01-27T17:02:38","slug":"calcetines-nike-5","status":"publish","type":"product","link":"https:\/\/www.deporteseli.com\/?product=calcetines-nike-5","title":{"rendered":"CALCETINES NIKE"},"content":{"rendered":"<p>Descripci\u00f3n de Nike Lightweight No-Show Calcetines de entrenamiento para mujer (3 pares) &#8211; black\/white SX4863-010  Ajuste c\u00f3modo, mejor ventilaci\u00f3n: Los calcetines ligeros No-Show de Nike (3 pares) tienen inserciones de malla y algod\u00f3n el\u00e1stico para la transpiraci\u00f3n y una sensaci\u00f3n de firmeza y suavidad.    Bolsillo en el tal\u00f3n con costura Y para un ajuste c\u00f3modo. Insertos de malla para una mejor ventilaci\u00f3n. \u00c1rea de los dedos reforzada para la durabilidad en la zona de estr\u00e9s.    Material 70% algod\u00f3n, 27% poliamida, 3% elastano                                                                                                                                                                                                                                                                                                                                                                                                                                                                                                                                                                                                                                                                                                                                                                                                                                                                                                                                                                                                                                        <\/p>\n","protected":false},"excerpt":{"rendered":"<p>CALCETINES NIKE<\/p>\n","protected":false},"featured_media":50632,"template":"","meta":[],"product_brand":[],"product_cat":[400],"product_tag":[37],"class_list":{"0":"post-35995","1":"product","2":"type-product","3":"status-publish","4":"has-post-thumbnail","6":"product_cat-accesorios_calcetines","7":"product_tag-nike","8":"pa_color-unico","9":"pa_talla-35-38","10":"thunk-woo-product-list","11":"opn-qv-enable","12":"open-woo-hover-","13":"open-single-product-tab-horizontal","14":"open-shadow-","15":"open-shadow-hover-","17":"first","18":"instock","19":"shipping-taxable","20":"purchasable","21":"product-type-variable"},"jetpack_sharing_enabled":true,"_links":{"self":[{"href":"https:\/\/www.deporteseli.com\/index.php?rest_route=\/wp\/v2\/product\/35995","targetHints":{"allow":["GET"]}}],"collection":[{"href":"https:\/\/www.deporteseli.com\/index.php?rest_route=\/wp\/v2\/product"}],"about":[{"href":"https:\/\/www.deporteseli.com\/index.php?rest_route=\/wp\/v2\/types\/product"}],"wp:featuredmedia":[{"embeddable":true,"href":"https:\/\/www.deporteseli.com\/index.php?rest_route=\/wp\/v2\/media\/50632"}],"wp:attachment":[{"href":"https:\/\/www.deporteseli.com\/index.php?rest_route=%2Fwp%2Fv2%2Fmedia&parent=35995"}],"wp:term":[{"taxonomy":"product_brand","embeddable":true,"href":"https:\/\/www.deporteseli.com\/index.php?rest_route=%2Fwp%2Fv2%2Fproduct_brand&post=35995"},{"taxonomy":"product_cat","embeddable":true,"href":"https:\/\/www.deporteseli.com\/index.php?rest_route=%2Fwp%2Fv2%2Fproduct_cat&post=35995"},{"taxonomy":"product_tag","embeddable":true,"href":"https:\/\/www.deporteseli.com\/index.php?rest_route=%2Fwp%2Fv2%2Fproduct_tag&post=35995"}],"curies":[{"name":"wp","href":"https:\/\/api.w.org\/{rel}","templated":true}]}}