{"id":35993,"date":"2026-01-27T17:02:32","date_gmt":"2026-01-27T17:02:32","guid":{"rendered":"https:\/\/www.deporteseli.com\/?product=camiseta-nike-essential-icon-futura-bv6169-01"},"modified":"2026-01-27T17:02:35","modified_gmt":"2026-01-27T17:02:35","slug":"camiseta-nike-essential-icon-futura-bv6169-01","status":"publish","type":"product","link":"https:\/\/www.deporteseli.com\/?product=camiseta-nike-essential-icon-futura-bv6169-01","title":{"rendered":"CAMISETA NIKE ESSENTIAL ICON FUTURA BV6169-01"},"content":{"rendered":"<p>Descripci\u00f3n del producto  La camiseta Nike Sportswear para mujer est\u00e1 confeccionada con un suave tejido de punto de algod\u00f3n y el logotipo corporativo de Nike serigrafiado en el pecho. Tejido de algod\u00f3n suave y c\u00f3modo. Logotipo corporativo de Nike impreso en el pecho.  Algod\u00f3n.                                                                                                                                                                                                                                                                                                                                                                                                                                                                                                                                                                                                                                                                                                                                                                                                                                                                                                                                                                                                                                        <\/p>\n","protected":false},"excerpt":{"rendered":"<p>CAMISETA NIKE ESSENTIAL ICON FUTURA BV6169-01<\/p>\n","protected":false},"featured_media":50629,"template":"","meta":[],"product_brand":[],"product_cat":[269],"product_tag":[37],"class_list":{"0":"post-35993","1":"product","2":"type-product","3":"status-publish","4":"has-post-thumbnail","6":"product_cat-mujer_textil_camisetas","7":"product_tag-nike","8":"pa_color-unico","9":"pa_talla-m","10":"thunk-woo-product-list","11":"opn-qv-enable","12":"open-woo-hover-","13":"open-single-product-tab-horizontal","14":"open-shadow-","15":"open-shadow-hover-","17":"first","18":"instock","19":"shipping-taxable","20":"purchasable","21":"product-type-variable"},"jetpack_sharing_enabled":true,"_links":{"self":[{"href":"https:\/\/www.deporteseli.com\/index.php?rest_route=\/wp\/v2\/product\/35993","targetHints":{"allow":["GET"]}}],"collection":[{"href":"https:\/\/www.deporteseli.com\/index.php?rest_route=\/wp\/v2\/product"}],"about":[{"href":"https:\/\/www.deporteseli.com\/index.php?rest_route=\/wp\/v2\/types\/product"}],"wp:featuredmedia":[{"embeddable":true,"href":"https:\/\/www.deporteseli.com\/index.php?rest_route=\/wp\/v2\/media\/50629"}],"wp:attachment":[{"href":"https:\/\/www.deporteseli.com\/index.php?rest_route=%2Fwp%2Fv2%2Fmedia&parent=35993"}],"wp:term":[{"taxonomy":"product_brand","embeddable":true,"href":"https:\/\/www.deporteseli.com\/index.php?rest_route=%2Fwp%2Fv2%2Fproduct_brand&post=35993"},{"taxonomy":"product_cat","embeddable":true,"href":"https:\/\/www.deporteseli.com\/index.php?rest_route=%2Fwp%2Fv2%2Fproduct_cat&post=35993"},{"taxonomy":"product_tag","embeddable":true,"href":"https:\/\/www.deporteseli.com\/index.php?rest_route=%2Fwp%2Fv2%2Fproduct_tag&post=35993"}],"curies":[{"name":"wp","href":"https:\/\/api.w.org\/{rel}","templated":true}]}}