{"id":35989,"date":"2026-01-27T17:02:27","date_gmt":"2026-01-27T17:02:27","guid":{"rendered":"https:\/\/www.deporteseli.com\/?product=calcetines-nike-4"},"modified":"2026-03-28T05:18:35","modified_gmt":"2026-03-28T05:18:35","slug":"calcetines-nike-4","status":"publish","type":"product","link":"https:\/\/www.deporteseli.com\/?product=calcetines-nike-4","title":{"rendered":"CALCETINES NIKE"},"content":{"rendered":"<p>Descripci\u00f3n del producto  Sup\u00e9rate cada d\u00eda durante tu entrenamiento con los calcetines de entrenamiento Nike Everyday Lightweight Ankle (3 pares). La tecnolog\u00eda que capilariza el sudor te ayuda a llevar los pies secos y c\u00f3modos, mientras que las fibras en la planta del pie proporcionan m\u00e1s fricci\u00f3n para mejorar la tracci\u00f3n dentro de la zapatilla. Tecnolog\u00eda Dri-FIT que mantiene los pies secos y c\u00f3modos. Los filamentos en la planta ofrecen m\u00e1s fricci\u00f3n para mejorar la tracci\u00f3n dentro de la zapatilla. El dise\u00f1o anat\u00f3mico espec\u00edfico para cada pie ofrece un ajuste natural. Modelo de 1\/4 de ca\u00f1a para una protecci\u00f3n media. Tejido: Liso: 61 % algod\u00f3n\/36 % poli\u00e9ster\/3 % spandex. Jaspeado: 58 % algod\u00f3n\/40 % poli\u00e9ster\/2 % spandex. Lavado a m\u00e1quina.                                                                                                                                                                                                                                                                                                                                                                                                                                                                                                                                                                                                                                                                                                                                                                                                                                                                                                                                                                                                                                        <\/p>\n","protected":false},"excerpt":{"rendered":"<p>CALCETINES NIKE<\/p>\n","protected":false},"featured_media":50628,"template":"","meta":[],"product_brand":[],"product_cat":[400],"product_tag":[37],"class_list":{"0":"post-35989","1":"product","2":"type-product","3":"status-publish","4":"has-post-thumbnail","6":"product_cat-accesorios_calcetines","7":"product_tag-nike","8":"pa_color-unico","9":"pa_talla-35-38","10":"pa_talla-39-42","11":"pa_talla-43-46","12":"thunk-woo-product-list","13":"opn-qv-enable","14":"open-woo-hover-","15":"open-single-product-tab-horizontal","16":"open-shadow-","17":"open-shadow-hover-","19":"first","20":"instock","21":"shipping-taxable","22":"purchasable","23":"product-type-variable"},"jetpack_sharing_enabled":true,"_links":{"self":[{"href":"https:\/\/www.deporteseli.com\/index.php?rest_route=\/wp\/v2\/product\/35989","targetHints":{"allow":["GET"]}}],"collection":[{"href":"https:\/\/www.deporteseli.com\/index.php?rest_route=\/wp\/v2\/product"}],"about":[{"href":"https:\/\/www.deporteseli.com\/index.php?rest_route=\/wp\/v2\/types\/product"}],"wp:featuredmedia":[{"embeddable":true,"href":"https:\/\/www.deporteseli.com\/index.php?rest_route=\/wp\/v2\/media\/50628"}],"wp:attachment":[{"href":"https:\/\/www.deporteseli.com\/index.php?rest_route=%2Fwp%2Fv2%2Fmedia&parent=35989"}],"wp:term":[{"taxonomy":"product_brand","embeddable":true,"href":"https:\/\/www.deporteseli.com\/index.php?rest_route=%2Fwp%2Fv2%2Fproduct_brand&post=35989"},{"taxonomy":"product_cat","embeddable":true,"href":"https:\/\/www.deporteseli.com\/index.php?rest_route=%2Fwp%2Fv2%2Fproduct_cat&post=35989"},{"taxonomy":"product_tag","embeddable":true,"href":"https:\/\/www.deporteseli.com\/index.php?rest_route=%2Fwp%2Fv2%2Fproduct_tag&post=35989"}],"curies":[{"name":"wp","href":"https:\/\/api.w.org\/{rel}","templated":true}]}}