{"id":35975,"date":"2026-01-27T17:02:07","date_gmt":"2026-01-27T17:02:07","guid":{"rendered":"https:\/\/www.deporteseli.com\/?product=short-nike-1a-equipacion-fc-barcelona-2021"},"modified":"2026-01-27T17:02:10","modified_gmt":"2026-01-27T17:02:10","slug":"short-nike-1a-equipacion-fc-barcelona-2021","status":"publish","type":"product","link":"https:\/\/www.deporteseli.com\/?product=short-nike-1a-equipacion-fc-barcelona-2021","title":{"rendered":"SHORT NIKE 1\u00aa EQUIPACI\u00f3N FC BARCELONA 2021-"},"content":{"rendered":"<p>Descripci\u00f3n  Pantal\u00f3n corto de la 1\u00aa Equipaci\u00f3n 21\/22 para ni\u00f1os. Con el parche del escudo del FC Barcelona y el logo de Nike bordado. Cintura el\u00e1stica con cordones en el interior. Move to Zero es el nuevo compromiso de Nike con el medioambiente, que garantiza el uso de, al menos, un 75 % de fibras recicladas con el objetivo de reducir las emisiones de carbono. Tecnolog\u00eda Dri-FIT de Nike. Color: Azulgrana.         Composici\u00f3n y cuidados    Tecnolog\u00eda Dri-FIT para mantener la transpirabilidad y comodidad. 100 % poli\u00e9ster. Lavar a m\u00e1quina a m\u00e1x. 40 \u00b0C         Talla y ajustes    XS 6\/8 a\u00f1os &#8211; S 8\/10 a\u00f1os &#8211; M 10\/12 a\u00f1os &#8211; L 12\/13 a\u00f1os &#8211; XL 14 a\u00f1os.    Ajuste est\u00e1ndar.                                                                                                                                                                                                                                                                                                                                                                                                                                                                                                                                                                                                                                                                                                                                                                                                                                                                                                                                                                                                                                        <\/p>\n","protected":false},"excerpt":{"rendered":"<p>SHORT NIKE 1\u00aa EQUIPACI\u00f3N FC BARCELONA 2021-<\/p>\n","protected":false},"featured_media":50617,"template":"","meta":[],"product_brand":[],"product_cat":[230],"product_tag":[37],"class_list":{"0":"post-35975","1":"product","2":"type-product","3":"status-publish","4":"has-post-thumbnail","6":"product_cat-outlet_textil_shorts","7":"product_tag-nike","8":"pa_color-unico","9":"pa_talla-l","10":"pa_talla-xl","11":"thunk-woo-product-list","12":"opn-qv-enable","13":"open-woo-hover-","14":"open-single-product-tab-horizontal","15":"open-shadow-","16":"open-shadow-hover-","18":"first","19":"instock","20":"sale","21":"shipping-taxable","22":"purchasable","23":"product-type-variable"},"jetpack_sharing_enabled":true,"_links":{"self":[{"href":"https:\/\/www.deporteseli.com\/index.php?rest_route=\/wp\/v2\/product\/35975","targetHints":{"allow":["GET"]}}],"collection":[{"href":"https:\/\/www.deporteseli.com\/index.php?rest_route=\/wp\/v2\/product"}],"about":[{"href":"https:\/\/www.deporteseli.com\/index.php?rest_route=\/wp\/v2\/types\/product"}],"wp:featuredmedia":[{"embeddable":true,"href":"https:\/\/www.deporteseli.com\/index.php?rest_route=\/wp\/v2\/media\/50617"}],"wp:attachment":[{"href":"https:\/\/www.deporteseli.com\/index.php?rest_route=%2Fwp%2Fv2%2Fmedia&parent=35975"}],"wp:term":[{"taxonomy":"product_brand","embeddable":true,"href":"https:\/\/www.deporteseli.com\/index.php?rest_route=%2Fwp%2Fv2%2Fproduct_brand&post=35975"},{"taxonomy":"product_cat","embeddable":true,"href":"https:\/\/www.deporteseli.com\/index.php?rest_route=%2Fwp%2Fv2%2Fproduct_cat&post=35975"},{"taxonomy":"product_tag","embeddable":true,"href":"https:\/\/www.deporteseli.com\/index.php?rest_route=%2Fwp%2Fv2%2Fproduct_tag&post=35975"}],"curies":[{"name":"wp","href":"https:\/\/api.w.org\/{rel}","templated":true}]}}