{"id":35969,"date":"2026-01-27T17:01:58","date_gmt":"2026-01-27T17:01:58","guid":{"rendered":"https:\/\/www.deporteseli.com\/?product=camiseta-grafica"},"modified":"2026-01-27T17:02:05","modified_gmt":"2026-01-27T17:02:05","slug":"camiseta-grafica","status":"publish","type":"product","link":"https:\/\/www.deporteseli.com\/?product=camiseta-grafica","title":{"rendered":"CAMISETA GR\u00e1FICA"},"content":{"rendered":"<p>UNA CAMISETA DE ALGOD\u00d3N SUAVE CON UN VIBRANTE DISE\u00d1O ADIDAS BADGE OF SPORT.  No existe una talla \u00fanica para encontrar nuevas formas de jugar. Ya sea que su aventura lo lleve a trav\u00e9s del bosque o se deslice a trav\u00e9s de la tercera base en un juego de kickball, un dobladillo curvo ofrece cobertura adicional para que pueda moverse como desee. Esta camiseta adidas para j\u00f3venes est\u00e1 confeccionada con algod\u00f3n suave para ofrecer comodidad desde el amanecer hasta que se encienden las farolas. Al comprarnos productos de algod\u00f3n, est\u00e1 apoyando un cultivo de algod\u00f3n m\u00e1s sostenible.  ESPECIFICACIONES  Ajuste regular  Cuello redondo acanalado  Punto liso 100% algod\u00f3n  Mangas cortas  Dobladillo curvo  Jersey sencillo  Iniciativa Mejor Algod\u00f3n  Color del producto: Ambient Blush  C\u00f3digo de producto: GV1331                                                                                                                                                                                                                                                                                                                                                                                                                                                                                                                                                                                                                                                                                                                                                                                                                                                                                                                                                                                                                                        <\/p>\n","protected":false},"excerpt":{"rendered":"<p>CAMISETA GR\u00e1FICA<\/p>\n","protected":false},"featured_media":50612,"template":"","meta":[],"product_brand":[],"product_cat":[376],"product_tag":[18],"class_list":{"0":"post-35969","1":"product","2":"type-product","3":"status-publish","4":"has-post-thumbnail","6":"product_cat-ninas_textil_camisetas","7":"product_tag-adidas","8":"pa_color-unico","9":"pa_talla-t-10","10":"pa_talla-t-12","11":"pa_talla-t-14","12":"pa_talla-t-16","13":"pa_talla-t-8","14":"thunk-woo-product-list","15":"opn-qv-enable","16":"open-woo-hover-","17":"open-single-product-tab-horizontal","18":"open-shadow-","19":"open-shadow-hover-","21":"first","22":"instock","23":"shipping-taxable","24":"purchasable","25":"product-type-variable"},"jetpack_sharing_enabled":true,"_links":{"self":[{"href":"https:\/\/www.deporteseli.com\/index.php?rest_route=\/wp\/v2\/product\/35969","targetHints":{"allow":["GET"]}}],"collection":[{"href":"https:\/\/www.deporteseli.com\/index.php?rest_route=\/wp\/v2\/product"}],"about":[{"href":"https:\/\/www.deporteseli.com\/index.php?rest_route=\/wp\/v2\/types\/product"}],"wp:featuredmedia":[{"embeddable":true,"href":"https:\/\/www.deporteseli.com\/index.php?rest_route=\/wp\/v2\/media\/50612"}],"wp:attachment":[{"href":"https:\/\/www.deporteseli.com\/index.php?rest_route=%2Fwp%2Fv2%2Fmedia&parent=35969"}],"wp:term":[{"taxonomy":"product_brand","embeddable":true,"href":"https:\/\/www.deporteseli.com\/index.php?rest_route=%2Fwp%2Fv2%2Fproduct_brand&post=35969"},{"taxonomy":"product_cat","embeddable":true,"href":"https:\/\/www.deporteseli.com\/index.php?rest_route=%2Fwp%2Fv2%2Fproduct_cat&post=35969"},{"taxonomy":"product_tag","embeddable":true,"href":"https:\/\/www.deporteseli.com\/index.php?rest_route=%2Fwp%2Fv2%2Fproduct_tag&post=35969"}],"curies":[{"name":"wp","href":"https:\/\/api.w.org\/{rel}","templated":true}]}}