{"id":35964,"date":"2026-01-27T17:01:48","date_gmt":"2026-01-27T17:01:48","guid":{"rendered":"https:\/\/www.deporteseli.com\/?product=reebok-royal-complete-cln-2-3"},"modified":"2026-02-13T10:34:43","modified_gmt":"2026-02-13T10:34:43","slug":"reebok-royal-complete-cln-2-3","status":"publish","type":"product","link":"https:\/\/www.deporteseli.com\/?product=reebok-royal-complete-cln-2-3","title":{"rendered":"REEBOK ROYAL COMPLETE CLN 2"},"content":{"rendered":"<p>UN MODELO EN MINIATURA CON UN DISE\u00d1O DISCRETO.  El estilo no entiende de edades. Haz que tu peque\u00f1o campe\u00f3n empiece el d\u00eda con buen pie con esta zapatilla Reebok para ni\u00f1os. Con l\u00edneas inspiradas en el estilo tenis, recibe un look legendario que nunca ha pasado de moda (por lo menos desde los a\u00f1os 70). El logotipo Vector en dos colores destaca en el tal\u00f3n para que tu peque brille entre la multitud. Preparados, listos,  a jugar!  DETALLES  Correas de velcro.  Parte superior de piel sint\u00e9tica.  Suela y mediasuela de caucho.  Forro de tela.  Color del art\u00edculo: Cloud White \/ Cloud White \/ Bright Cobalt  N\u00famero de art\u00edculo: G58457                                                                                                                                                                                                                                                                                                                                                                                                                                                                                                                                                                                                                                                                                                                                                                                                                                                                                                                                                                                                                                        <\/p>\n","protected":false},"excerpt":{"rendered":"<p>REEBOK ROYAL COMPLETE CLN 2<\/p>\n","protected":false},"featured_media":50593,"template":"","meta":[],"product_brand":[],"product_cat":[237],"product_tag":[41],"class_list":{"0":"post-35964","1":"product","2":"type-product","3":"status-publish","4":"has-post-thumbnail","6":"product_cat-outlet_calzado","7":"product_tag-reebok","8":"pa_color-unico","9":"pa_talla-113","10":"pa_talla-t-21","11":"thunk-woo-product-list","12":"opn-qv-enable","13":"open-woo-hover-","14":"open-single-product-tab-horizontal","15":"open-shadow-","16":"open-shadow-hover-","18":"first","19":"instock","20":"shipping-taxable","21":"purchasable","22":"product-type-variable"},"jetpack_sharing_enabled":true,"_links":{"self":[{"href":"https:\/\/www.deporteseli.com\/index.php?rest_route=\/wp\/v2\/product\/35964","targetHints":{"allow":["GET"]}}],"collection":[{"href":"https:\/\/www.deporteseli.com\/index.php?rest_route=\/wp\/v2\/product"}],"about":[{"href":"https:\/\/www.deporteseli.com\/index.php?rest_route=\/wp\/v2\/types\/product"}],"wp:featuredmedia":[{"embeddable":true,"href":"https:\/\/www.deporteseli.com\/index.php?rest_route=\/wp\/v2\/media\/50593"}],"wp:attachment":[{"href":"https:\/\/www.deporteseli.com\/index.php?rest_route=%2Fwp%2Fv2%2Fmedia&parent=35964"}],"wp:term":[{"taxonomy":"product_brand","embeddable":true,"href":"https:\/\/www.deporteseli.com\/index.php?rest_route=%2Fwp%2Fv2%2Fproduct_brand&post=35964"},{"taxonomy":"product_cat","embeddable":true,"href":"https:\/\/www.deporteseli.com\/index.php?rest_route=%2Fwp%2Fv2%2Fproduct_cat&post=35964"},{"taxonomy":"product_tag","embeddable":true,"href":"https:\/\/www.deporteseli.com\/index.php?rest_route=%2Fwp%2Fv2%2Fproduct_tag&post=35964"}],"curies":[{"name":"wp","href":"https:\/\/api.w.org\/{rel}","templated":true}]}}