{"id":35961,"date":"2026-01-27T17:01:44","date_gmt":"2026-01-27T17:01:44","guid":{"rendered":"https:\/\/www.deporteseli.com\/?product=reebok-royal-prime-2-4"},"modified":"2026-02-13T10:47:38","modified_gmt":"2026-02-13T10:47:38","slug":"reebok-royal-prime-2-4","status":"publish","type":"product","link":"https:\/\/www.deporteseli.com\/?product=reebok-royal-prime-2-4","title":{"rendered":"REEBOK ROYAL PRIME 2"},"content":{"rendered":"<p>UNA ZAPATILLA PARA NI\u00d1OS CON UNA SUELA DURADERA.  Cada paso es una oportunidad para crecer y aprender. Esta zapatilla para ni\u00f1os peque\u00f1os viene con un dise\u00f1o c\u00f3modo y resistente. Las rayas laterales llamativas y el logotipo Reebok le infunden un look deportivo. Su mediasuela ligera proporciona una amortiguaci\u00f3n suave. Cuenta con dos correas de velcro para pon\u00e9rsela y quit\u00e1rsela con facilidad y que nada le detenga.  DETALLES  Parte superior de material sint\u00e9tico.  Doble correa de velcro para que sea m\u00e1s f\u00e1cil de poner y quitar.  Mediasuela de EVA para una amortiguaci\u00f3n ligera.  Suela de caucho para mayor durabilidad y agarre.  Color del art\u00edculo: Black \/ Black \/ Vector Red  N\u00famero de art\u00edculo: H04955                                                                                                                                                                                                                                                                                                                                                                                                                                                                                                                                                                                                                                                                                                                                                                                                                                                                                                                                                                                                                                        <\/p>\n","protected":false},"excerpt":{"rendered":"<p>REEBOK ROYAL PRIME 2<\/p>\n","protected":false},"featured_media":50588,"template":"","meta":[],"product_brand":[],"product_cat":[237],"product_tag":[41],"class_list":{"0":"post-35961","1":"product","2":"type-product","3":"status-publish","4":"has-post-thumbnail","6":"product_cat-outlet_calzado","7":"product_tag-reebok","8":"pa_color-unico","9":"pa_talla-113","10":"pa_talla-t-21","11":"thunk-woo-product-list","12":"opn-qv-enable","13":"open-woo-hover-","14":"open-single-product-tab-horizontal","15":"open-shadow-","16":"open-shadow-hover-","18":"first","19":"instock","20":"shipping-taxable","21":"purchasable","22":"product-type-variable"},"jetpack_sharing_enabled":true,"_links":{"self":[{"href":"https:\/\/www.deporteseli.com\/index.php?rest_route=\/wp\/v2\/product\/35961","targetHints":{"allow":["GET"]}}],"collection":[{"href":"https:\/\/www.deporteseli.com\/index.php?rest_route=\/wp\/v2\/product"}],"about":[{"href":"https:\/\/www.deporteseli.com\/index.php?rest_route=\/wp\/v2\/types\/product"}],"wp:featuredmedia":[{"embeddable":true,"href":"https:\/\/www.deporteseli.com\/index.php?rest_route=\/wp\/v2\/media\/50588"}],"wp:attachment":[{"href":"https:\/\/www.deporteseli.com\/index.php?rest_route=%2Fwp%2Fv2%2Fmedia&parent=35961"}],"wp:term":[{"taxonomy":"product_brand","embeddable":true,"href":"https:\/\/www.deporteseli.com\/index.php?rest_route=%2Fwp%2Fv2%2Fproduct_brand&post=35961"},{"taxonomy":"product_cat","embeddable":true,"href":"https:\/\/www.deporteseli.com\/index.php?rest_route=%2Fwp%2Fv2%2Fproduct_cat&post=35961"},{"taxonomy":"product_tag","embeddable":true,"href":"https:\/\/www.deporteseli.com\/index.php?rest_route=%2Fwp%2Fv2%2Fproduct_tag&post=35961"}],"curies":[{"name":"wp","href":"https:\/\/api.w.org\/{rel}","templated":true}]}}