{"id":35959,"date":"2026-01-27T17:01:41","date_gmt":"2026-01-27T17:01:41","guid":{"rendered":"https:\/\/www.deporteseli.com\/?product=reebok-royal-prime-2-3"},"modified":"2026-02-12T19:24:28","modified_gmt":"2026-02-12T19:24:28","slug":"reebok-royal-prime-2-3","status":"publish","type":"product","link":"https:\/\/www.deporteseli.com\/?product=reebok-royal-prime-2-3","title":{"rendered":"REEBOK ROYAL PRIME 2"},"content":{"rendered":"<p>UNA ZAPATILLA INSPIRADA EN NUESTROS ARCHIVOS CON DETALLES DE COLOR LLAMATIVOS.  Haz que tu peque luzca un look lleno de color y estilo. Esta zapatilla para ni\u00f1a viene con detalles de color en contraste que le infunden un estilo divertido y alegre. Cuenta con dos tiras de velcro que sustituyen a los cordones para que sea m\u00e1s f\u00e1cil de poner y quitar. La suela de caucho resistente proporciona una gran durabilidad a prueba de todas sus actividades diarias.  DETALLES  Parte superior de material sint\u00e9tico.  Doble correa de velcro para que sea m\u00e1s f\u00e1cil de poner y quitar.  Mediasuela de EVA para una amortiguaci\u00f3n ligera.  Suela de caucho para mayor durabilidad y agarre.  Color del art\u00edculo: Blue Slate \/ Blue Slate \/ Pink Glow  N\u00famero de art\u00edculo: H04960                                                                                                                                                                                                                                                                                                                                                                                                                                                                                                                                                                                                                                                                                                                                                                                                                                                                                                                                                                                                                                        <\/p>\n","protected":false},"excerpt":{"rendered":"<p>REEBOK ROYAL PRIME 2<\/p>\n","protected":false},"featured_media":50583,"template":"","meta":[],"product_brand":[],"product_cat":[237],"product_tag":[41],"class_list":{"0":"post-35959","1":"product","2":"type-product","3":"status-publish","4":"has-post-thumbnail","6":"product_cat-outlet_calzado","7":"product_tag-reebok","8":"pa_color-unico","9":"pa_talla-137","10":"thunk-woo-product-list","11":"opn-qv-enable","12":"open-woo-hover-","13":"open-single-product-tab-horizontal","14":"open-shadow-","15":"open-shadow-hover-","17":"first","18":"instock","19":"shipping-taxable","20":"purchasable","21":"product-type-variable"},"jetpack_sharing_enabled":true,"_links":{"self":[{"href":"https:\/\/www.deporteseli.com\/index.php?rest_route=\/wp\/v2\/product\/35959","targetHints":{"allow":["GET"]}}],"collection":[{"href":"https:\/\/www.deporteseli.com\/index.php?rest_route=\/wp\/v2\/product"}],"about":[{"href":"https:\/\/www.deporteseli.com\/index.php?rest_route=\/wp\/v2\/types\/product"}],"wp:featuredmedia":[{"embeddable":true,"href":"https:\/\/www.deporteseli.com\/index.php?rest_route=\/wp\/v2\/media\/50583"}],"wp:attachment":[{"href":"https:\/\/www.deporteseli.com\/index.php?rest_route=%2Fwp%2Fv2%2Fmedia&parent=35959"}],"wp:term":[{"taxonomy":"product_brand","embeddable":true,"href":"https:\/\/www.deporteseli.com\/index.php?rest_route=%2Fwp%2Fv2%2Fproduct_brand&post=35959"},{"taxonomy":"product_cat","embeddable":true,"href":"https:\/\/www.deporteseli.com\/index.php?rest_route=%2Fwp%2Fv2%2Fproduct_cat&post=35959"},{"taxonomy":"product_tag","embeddable":true,"href":"https:\/\/www.deporteseli.com\/index.php?rest_route=%2Fwp%2Fv2%2Fproduct_tag&post=35959"}],"curies":[{"name":"wp","href":"https:\/\/api.w.org\/{rel}","templated":true}]}}