{"id":35955,"date":"2026-01-27T17:01:36","date_gmt":"2026-01-27T17:01:36","guid":{"rendered":"https:\/\/www.deporteseli.com\/?product=school-jr-2101"},"modified":"2026-01-27T17:01:37","modified_gmt":"2026-01-27T17:01:37","slug":"school-jr-2101","status":"publish","type":"product","link":"https:\/\/www.deporteseli.com\/?product=school-jr-2101","title":{"rendered":"SCHOOL JR 2101"},"content":{"rendered":"<p>DETALLE DEL ART\u00cdCULO  Deportivo colegial de la marca Joma para ni\u00f1o y ni\u00f1a, combinado en piel y material sint\u00e9tico con forro textil y plantilla de piel. Puntera reforzada en Micro PU resistente al rozamiento. Cierre de velcro para facilitar el calce del pie. Suela de caucho resistente.  COMPOSICI\u00d3N  Forro : sint\u00e9tica  Suela : caucho                                                                                                                                                                                                                                                                                                                                                                                                                                                                                                                                                                                                                                                                                                                                                                                                                                                                                                                                                                                                                                        <\/p>\n","protected":false},"excerpt":{"rendered":"<p>SCHOOL JR 2101<\/p>\n","protected":false},"featured_media":50574,"template":"","meta":[],"product_brand":[],"product_cat":[308],"product_tag":[31],"class_list":{"0":"post-35955","1":"product","2":"type-product","3":"status-publish","4":"has-post-thumbnail","6":"product_cat-nino_calzado_running","7":"product_tag-joma","8":"pa_color-unico","9":"pa_talla-125","10":"thunk-woo-product-list","11":"opn-qv-enable","12":"open-woo-hover-","13":"open-single-product-tab-horizontal","14":"open-shadow-","15":"open-shadow-hover-","17":"first","18":"instock","19":"sale","20":"shipping-taxable","21":"purchasable","22":"product-type-variable"},"jetpack_sharing_enabled":true,"_links":{"self":[{"href":"https:\/\/www.deporteseli.com\/index.php?rest_route=\/wp\/v2\/product\/35955","targetHints":{"allow":["GET"]}}],"collection":[{"href":"https:\/\/www.deporteseli.com\/index.php?rest_route=\/wp\/v2\/product"}],"about":[{"href":"https:\/\/www.deporteseli.com\/index.php?rest_route=\/wp\/v2\/types\/product"}],"wp:featuredmedia":[{"embeddable":true,"href":"https:\/\/www.deporteseli.com\/index.php?rest_route=\/wp\/v2\/media\/50574"}],"wp:attachment":[{"href":"https:\/\/www.deporteseli.com\/index.php?rest_route=%2Fwp%2Fv2%2Fmedia&parent=35955"}],"wp:term":[{"taxonomy":"product_brand","embeddable":true,"href":"https:\/\/www.deporteseli.com\/index.php?rest_route=%2Fwp%2Fv2%2Fproduct_brand&post=35955"},{"taxonomy":"product_cat","embeddable":true,"href":"https:\/\/www.deporteseli.com\/index.php?rest_route=%2Fwp%2Fv2%2Fproduct_cat&post=35955"},{"taxonomy":"product_tag","embeddable":true,"href":"https:\/\/www.deporteseli.com\/index.php?rest_route=%2Fwp%2Fv2%2Fproduct_tag&post=35955"}],"curies":[{"name":"wp","href":"https:\/\/api.w.org\/{rel}","templated":true}]}}