{"id":35925,"date":"2026-01-27T17:00:38","date_gmt":"2026-01-27T17:00:38","guid":{"rendered":"https:\/\/www.deporteseli.com\/?product=zapatillas-casual-school-21-junior-marino"},"modified":"2026-04-18T04:17:41","modified_gmt":"2026-04-18T04:17:41","slug":"zapatillas-casual-school-21-junior-marino","status":"publish","type":"product","link":"https:\/\/www.deporteseli.com\/?product=zapatillas-casual-school-21-junior-marino","title":{"rendered":"ZAPATILLAS CASUAL SCHOOL 21 JUNIOR MARINO"},"content":{"rendered":"<p>Zapatillas deportivas de ni\u00f1o\/ni\u00f1a con modelo pensado para el uso cotidiano. Est\u00e1n reforzadas para que resistan a cualquier tipo de juego. Su durabilidad est\u00e1 garantizada gracias al material resistente. Se quitan y se ponen con facilidad con cierre de velcro.                                                                                                                                                                                                                                                                                                                                                                                                                                                                                                                                                                                                                                                                                                                                                                                                                                                                                                                                                                                                                                        <\/p>\n","protected":false},"excerpt":{"rendered":"<p>ZAPATILLAS CASUAL SCHOOL 21 JUNIOR MARINO<\/p>\n","protected":false},"featured_media":50552,"template":"","meta":[],"product_brand":[],"product_cat":[308],"product_tag":[31],"class_list":{"0":"post-35925","1":"product","2":"type-product","3":"status-publish","4":"has-post-thumbnail","6":"product_cat-nino_calzado_running","7":"product_tag-joma","8":"pa_color-unico","9":"pa_talla-115","10":"pa_talla-117","11":"pa_talla-121","12":"pa_talla-123","13":"pa_talla-125","14":"pa_talla-127","15":"pa_talla-129","16":"pa_talla-131","17":"pa_talla-133","18":"pa_talla-135","19":"pa_talla-137","20":"pa_talla-139","21":"pa_talla-143","22":"pa_talla-145","23":"pa_talla-147","24":"thunk-woo-product-list","25":"opn-qv-enable","26":"open-woo-hover-","27":"open-single-product-tab-horizontal","28":"open-shadow-","29":"open-shadow-hover-","31":"first","32":"instock","33":"shipping-taxable","34":"purchasable","35":"product-type-variable"},"jetpack_sharing_enabled":true,"_links":{"self":[{"href":"https:\/\/www.deporteseli.com\/index.php?rest_route=\/wp\/v2\/product\/35925","targetHints":{"allow":["GET"]}}],"collection":[{"href":"https:\/\/www.deporteseli.com\/index.php?rest_route=\/wp\/v2\/product"}],"about":[{"href":"https:\/\/www.deporteseli.com\/index.php?rest_route=\/wp\/v2\/types\/product"}],"wp:featuredmedia":[{"embeddable":true,"href":"https:\/\/www.deporteseli.com\/index.php?rest_route=\/wp\/v2\/media\/50552"}],"wp:attachment":[{"href":"https:\/\/www.deporteseli.com\/index.php?rest_route=%2Fwp%2Fv2%2Fmedia&parent=35925"}],"wp:term":[{"taxonomy":"product_brand","embeddable":true,"href":"https:\/\/www.deporteseli.com\/index.php?rest_route=%2Fwp%2Fv2%2Fproduct_brand&post=35925"},{"taxonomy":"product_cat","embeddable":true,"href":"https:\/\/www.deporteseli.com\/index.php?rest_route=%2Fwp%2Fv2%2Fproduct_cat&post=35925"},{"taxonomy":"product_tag","embeddable":true,"href":"https:\/\/www.deporteseli.com\/index.php?rest_route=%2Fwp%2Fv2%2Fproduct_tag&post=35925"}],"curies":[{"name":"wp","href":"https:\/\/api.w.org\/{rel}","templated":true}]}}