{"id":35907,"date":"2026-01-27T17:00:08","date_gmt":"2026-01-27T17:00:08","guid":{"rendered":"https:\/\/www.deporteseli.com\/?product=tenis-joma-school-2102"},"modified":"2026-03-18T05:18:23","modified_gmt":"2026-03-18T05:18:23","slug":"tenis-joma-school-2102","status":"publish","type":"product","link":"https:\/\/www.deporteseli.com\/?product=tenis-joma-school-2102","title":{"rendered":"TENIS JOMA SCHOOL 2102"},"content":{"rendered":"<p>Descripci\u00f3n  JOMA SCHOOL 2102 Zapatillas deportivas para ni\u00f1o\/ni\u00f1a. Este modelo casual de uso diario se ha dise\u00f1ado para aportar la m\u00e1xima comodidad durante cualquier actividad. Combinan resistencia, flexibilidad y confort, lo que las convierte en unas zapatillas escolares muy vers\u00e1tiles que acompa\u00f1ar\u00e1n a los m\u00e1s peque\u00f1os durante todo el a\u00f1o en el colegio. Adem\u00e1s, su f\u00e1cil mantenimiento hace que puedan estar listas en unos minutos. El corte est\u00e1 fabricado con material sint\u00e9tico. Se les ha aplicado la tecnolog\u00eda VTS, que consiste en unas peque\u00f1as perforaciones en el corte para aportar una correcta transpiraci\u00f3n del sudor. Adem\u00e1s, cuentan con piezas de refuerzo para hacerlas todav\u00eda m\u00e1s duraderas. La plantilla es de piel para dar un ajuste perfecto al calzado. Son antiolores y ayudan a regular la transpiraci\u00f3n. La suela est\u00e1 fabricada en caucho muy resistente al desgaste. Incorpora la tecnolog\u00eda FLEXO, un sistema de l\u00edneas de flexi\u00f3n que da lugar a una pisada m\u00e1s natural                                                                                                                                                                                                                                                                                                                                                                                                                                                                                                                                                                                                                                                                                                                                                                                                                                                                                                                                                                                                                                        <\/p>\n","protected":false},"excerpt":{"rendered":"<p>TENIS JOMA SCHOOL 2102<\/p>\n","protected":false},"featured_media":50548,"template":"","meta":[],"product_brand":[],"product_cat":[308],"product_tag":[31],"class_list":{"0":"post-35907","1":"product","2":"type-product","3":"status-publish","4":"has-post-thumbnail","6":"product_cat-nino_calzado_running","7":"product_tag-joma","8":"pa_color-unico","9":"pa_talla-115","10":"pa_talla-117","11":"pa_talla-119","12":"pa_talla-121","13":"pa_talla-123","14":"pa_talla-125","15":"pa_talla-127","16":"pa_talla-129","17":"pa_talla-131","18":"pa_talla-133","19":"pa_talla-135","20":"pa_talla-137","21":"pa_talla-139","22":"pa_talla-141","23":"pa_talla-143","24":"pa_talla-145","25":"pa_talla-147","26":"thunk-woo-product-list","27":"opn-qv-enable","28":"open-woo-hover-","29":"open-single-product-tab-horizontal","30":"open-shadow-","31":"open-shadow-hover-","33":"first","34":"instock","35":"shipping-taxable","36":"purchasable","37":"product-type-variable"},"jetpack_sharing_enabled":true,"_links":{"self":[{"href":"https:\/\/www.deporteseli.com\/index.php?rest_route=\/wp\/v2\/product\/35907","targetHints":{"allow":["GET"]}}],"collection":[{"href":"https:\/\/www.deporteseli.com\/index.php?rest_route=\/wp\/v2\/product"}],"about":[{"href":"https:\/\/www.deporteseli.com\/index.php?rest_route=\/wp\/v2\/types\/product"}],"wp:featuredmedia":[{"embeddable":true,"href":"https:\/\/www.deporteseli.com\/index.php?rest_route=\/wp\/v2\/media\/50548"}],"wp:attachment":[{"href":"https:\/\/www.deporteseli.com\/index.php?rest_route=%2Fwp%2Fv2%2Fmedia&parent=35907"}],"wp:term":[{"taxonomy":"product_brand","embeddable":true,"href":"https:\/\/www.deporteseli.com\/index.php?rest_route=%2Fwp%2Fv2%2Fproduct_brand&post=35907"},{"taxonomy":"product_cat","embeddable":true,"href":"https:\/\/www.deporteseli.com\/index.php?rest_route=%2Fwp%2Fv2%2Fproduct_cat&post=35907"},{"taxonomy":"product_tag","embeddable":true,"href":"https:\/\/www.deporteseli.com\/index.php?rest_route=%2Fwp%2Fv2%2Fproduct_tag&post=35907"}],"curies":[{"name":"wp","href":"https:\/\/api.w.org\/{rel}","templated":true}]}}