{"id":35903,"date":"2026-01-27T17:00:02","date_gmt":"2026-01-27T17:00:02","guid":{"rendered":"https:\/\/www.deporteseli.com\/?product=zapatos-adidas-performance-marvel-tensaur-run"},"modified":"2026-02-25T05:17:43","modified_gmt":"2026-02-25T05:17:43","slug":"zapatos-adidas-performance-marvel-tensaur-run","status":"publish","type":"product","link":"https:\/\/www.deporteseli.com\/?product=zapatos-adidas-performance-marvel-tensaur-run","title":{"rendered":"ZAPATOS ADIDAS PERFORMANCE MARVEL TENSAUR RUN"},"content":{"rendered":"<p>Zapatos adidas Performance Marvel Tensaur Run para beb\u00e9  Para tu peque\u00f1o, cada momento es una experiencia nueva. Estos zapatos adidas para ni\u00f1os peque\u00f1os con Spider-Man de Marvel en los costados brindan algo de diversi\u00f3n a un d\u00eda completo de exploraci\u00f3n. Se colocan f\u00e1cilmente y se ajustan r\u00e1pidamente, para un ajuste ce\u00f1ido que permanece fijo mientras su peque\u00f1o patea, rueda y gatea por la sala de juegos.             Caracter\u00edsticas  \u2022 Parte superior textil    \u2022 Forro textil    \u2022 Amortiguaci\u00f3n de la entresuela de EVA    \u2022 Tirador del tal\u00f3n    \u2022 Suela de EVA que no deja marcas          Detalles extra  \u2022 Dos correas de velcro    \u2022 Color: azul                                                                                                                                                                                                                                                                                                                                                                                                                                                                                                                                                                                                                                                                                                                                                                                                                                                                                                                                                                                                                                        <\/p>\n","protected":false},"excerpt":{"rendered":"<p>ZAPATOS ADIDAS PERFORMANCE MARVEL TENSAUR RUN<\/p>\n","protected":false},"featured_media":50540,"template":"","meta":[],"product_brand":[],"product_cat":[237],"product_tag":[18],"class_list":{"0":"post-35903","1":"product","2":"type-product","3":"status-publish","4":"has-post-thumbnail","6":"product_cat-outlet_calzado","7":"product_tag-adidas","8":"pa_color-unico","9":"pa_talla-113","10":"pa_talla-115","11":"pa_talla-t-21","12":"thunk-woo-product-list","13":"opn-qv-enable","14":"open-woo-hover-","15":"open-single-product-tab-horizontal","16":"open-shadow-","17":"open-shadow-hover-","19":"first","20":"instock","21":"shipping-taxable","22":"purchasable","23":"product-type-variable"},"jetpack_sharing_enabled":true,"_links":{"self":[{"href":"https:\/\/www.deporteseli.com\/index.php?rest_route=\/wp\/v2\/product\/35903","targetHints":{"allow":["GET"]}}],"collection":[{"href":"https:\/\/www.deporteseli.com\/index.php?rest_route=\/wp\/v2\/product"}],"about":[{"href":"https:\/\/www.deporteseli.com\/index.php?rest_route=\/wp\/v2\/types\/product"}],"wp:featuredmedia":[{"embeddable":true,"href":"https:\/\/www.deporteseli.com\/index.php?rest_route=\/wp\/v2\/media\/50540"}],"wp:attachment":[{"href":"https:\/\/www.deporteseli.com\/index.php?rest_route=%2Fwp%2Fv2%2Fmedia&parent=35903"}],"wp:term":[{"taxonomy":"product_brand","embeddable":true,"href":"https:\/\/www.deporteseli.com\/index.php?rest_route=%2Fwp%2Fv2%2Fproduct_brand&post=35903"},{"taxonomy":"product_cat","embeddable":true,"href":"https:\/\/www.deporteseli.com\/index.php?rest_route=%2Fwp%2Fv2%2Fproduct_cat&post=35903"},{"taxonomy":"product_tag","embeddable":true,"href":"https:\/\/www.deporteseli.com\/index.php?rest_route=%2Fwp%2Fv2%2Fproduct_tag&post=35903"}],"curies":[{"name":"wp","href":"https:\/\/api.w.org\/{rel}","templated":true}]}}