{"id":35897,"date":"2026-01-27T16:59:52","date_gmt":"2026-01-27T16:59:52","guid":{"rendered":"https:\/\/www.deporteseli.com\/?product=remera-estampada-adidas-x-star-wars-the-mand"},"modified":"2026-01-27T16:59:55","modified_gmt":"2026-01-27T16:59:55","slug":"remera-estampada-adidas-x-star-wars-the-mand","status":"publish","type":"product","link":"https:\/\/www.deporteseli.com\/?product=remera-estampada-adidas-x-star-wars-the-mand","title":{"rendered":"REMERA ESTAMPADA ADIDAS X STAR WARS: THE MAND"},"content":{"rendered":"<p>UNA REMERA ESTAMPADA DE UNA GALAXIA MUY, MUY LEJANA  Es dif\u00edcil pensar en un compa\u00f1ero m\u00e1s tierno del universo de Star Wars\u2122 que el Ni\u00f1o, que destaca en el estampado llamativo de esta remera adidas. Confeccionada con un suave estampado de caucho y un c\u00f3modo tejido de punto de algod\u00f3n, esta camiseta est\u00e1 lista para acompa\u00f1arte en el d\u00eda a d\u00eda.    Al comprar nuestros productos de algod\u00f3n apoyas un cultivo de algod\u00f3n m\u00e1s sostenible.  DETALLES  Corte cl\u00e1sico  Cuello redondo  Tejido de punto jersey 100 % algod\u00f3n  Gr\u00e1ficos estampados de Star Wars\u2122: The Mandalorian\u2122 en el frente  \u00a9 y \u2122 Lucasfilm Ltd. Todos los derechos reservados.  Iniciativa Mejor Algod\u00f3n  Color del art\u00edculo: White \/ Black  N\u00famero de art\u00edculo: GS6223                                                                                                                                                                                                                                                                                                                                                                                                                                                                                                                                                                                                                                                                                                                                                                                                                                                                                                                                                                                                                                        <\/p>\n","protected":false},"excerpt":{"rendered":"<p>REMERA ESTAMPADA ADIDAS X STAR WARS: THE MAND<\/p>\n","protected":false},"featured_media":50533,"template":"","meta":[],"product_brand":[],"product_cat":[245],"product_tag":[18],"class_list":{"0":"post-35897","1":"product","2":"type-product","3":"status-publish","4":"has-post-thumbnail","6":"product_cat-hombre_textil_camisetas","7":"product_tag-adidas","8":"pa_color-unico","9":"pa_talla-l","10":"pa_talla-m","11":"thunk-woo-product-list","12":"opn-qv-enable","13":"open-woo-hover-","14":"open-single-product-tab-horizontal","15":"open-shadow-","16":"open-shadow-hover-","18":"first","19":"instock","20":"shipping-taxable","21":"purchasable","22":"product-type-variable"},"jetpack_sharing_enabled":true,"_links":{"self":[{"href":"https:\/\/www.deporteseli.com\/index.php?rest_route=\/wp\/v2\/product\/35897","targetHints":{"allow":["GET"]}}],"collection":[{"href":"https:\/\/www.deporteseli.com\/index.php?rest_route=\/wp\/v2\/product"}],"about":[{"href":"https:\/\/www.deporteseli.com\/index.php?rest_route=\/wp\/v2\/types\/product"}],"wp:featuredmedia":[{"embeddable":true,"href":"https:\/\/www.deporteseli.com\/index.php?rest_route=\/wp\/v2\/media\/50533"}],"wp:attachment":[{"href":"https:\/\/www.deporteseli.com\/index.php?rest_route=%2Fwp%2Fv2%2Fmedia&parent=35897"}],"wp:term":[{"taxonomy":"product_brand","embeddable":true,"href":"https:\/\/www.deporteseli.com\/index.php?rest_route=%2Fwp%2Fv2%2Fproduct_brand&post=35897"},{"taxonomy":"product_cat","embeddable":true,"href":"https:\/\/www.deporteseli.com\/index.php?rest_route=%2Fwp%2Fv2%2Fproduct_cat&post=35897"},{"taxonomy":"product_tag","embeddable":true,"href":"https:\/\/www.deporteseli.com\/index.php?rest_route=%2Fwp%2Fv2%2Fproduct_tag&post=35897"}],"curies":[{"name":"wp","href":"https:\/\/api.w.org\/{rel}","templated":true}]}}