{"id":35895,"date":"2026-01-27T16:59:50","date_gmt":"2026-01-27T16:59:50","guid":{"rendered":"https:\/\/www.deporteseli.com\/?product=munequeras-adidas-tennis"},"modified":"2026-01-27T16:59:51","modified_gmt":"2026-01-27T16:59:51","slug":"munequeras-adidas-tennis","status":"publish","type":"product","link":"https:\/\/www.deporteseli.com\/?product=munequeras-adidas-tennis","title":{"rendered":"MU\u00f1EQUERAS ADIDAS TENNIS"},"content":{"rendered":"<p>MU\u00d1EQUERAS ADIDAS TENNIS   No dejes que el sudor te moleste m\u00e1s con estas mu\u00f1equeras Adidas!      Estas mu\u00f1equeras adidas cuentan con un tejido absorbente superior para evacuar eficazmente el sudor. Se ajustan f\u00e1cilmente a la mu\u00f1eca para una comodidad sin distracciones. Un dise\u00f1o elegante en un color din\u00e1mico que ser\u00e1 el compa\u00f1ero perfecto para tus partidos de tenis.                                                                                                                                                                                                                                                                                                                                                                                                                                                                                                                                                                                                                                                                                                                                                                                                                                                                                                                                                                                                                                        <\/p>\n","protected":false},"excerpt":{"rendered":"<p>MU\u00f1EQUERAS ADIDAS TENNIS<\/p>\n","protected":false},"featured_media":50529,"template":"","meta":[],"product_brand":[],"product_cat":[242],"product_tag":[18],"class_list":{"0":"post-35895","1":"product","2":"type-product","3":"status-publish","4":"has-post-thumbnail","6":"product_cat-unisex_accesorios","7":"product_tag-adidas","8":"pa_color-unico","9":"pa_talla-unica","10":"thunk-woo-product-list","11":"opn-qv-enable","12":"open-woo-hover-","13":"open-single-product-tab-horizontal","14":"open-shadow-","15":"open-shadow-hover-","17":"first","18":"instock","19":"shipping-taxable","20":"purchasable","21":"product-type-variable"},"jetpack_sharing_enabled":true,"_links":{"self":[{"href":"https:\/\/www.deporteseli.com\/index.php?rest_route=\/wp\/v2\/product\/35895","targetHints":{"allow":["GET"]}}],"collection":[{"href":"https:\/\/www.deporteseli.com\/index.php?rest_route=\/wp\/v2\/product"}],"about":[{"href":"https:\/\/www.deporteseli.com\/index.php?rest_route=\/wp\/v2\/types\/product"}],"wp:featuredmedia":[{"embeddable":true,"href":"https:\/\/www.deporteseli.com\/index.php?rest_route=\/wp\/v2\/media\/50529"}],"wp:attachment":[{"href":"https:\/\/www.deporteseli.com\/index.php?rest_route=%2Fwp%2Fv2%2Fmedia&parent=35895"}],"wp:term":[{"taxonomy":"product_brand","embeddable":true,"href":"https:\/\/www.deporteseli.com\/index.php?rest_route=%2Fwp%2Fv2%2Fproduct_brand&post=35895"},{"taxonomy":"product_cat","embeddable":true,"href":"https:\/\/www.deporteseli.com\/index.php?rest_route=%2Fwp%2Fv2%2Fproduct_cat&post=35895"},{"taxonomy":"product_tag","embeddable":true,"href":"https:\/\/www.deporteseli.com\/index.php?rest_route=%2Fwp%2Fv2%2Fproduct_tag&post=35895"}],"curies":[{"name":"wp","href":"https:\/\/api.w.org\/{rel}","templated":true}]}}