{"id":35879,"date":"2026-01-27T16:59:30","date_gmt":"2026-01-27T16:59:30","guid":{"rendered":"https:\/\/www.deporteseli.com\/?product=short-ellesse-vediamo-3"},"modified":"2026-01-27T16:59:32","modified_gmt":"2026-01-27T16:59:32","slug":"short-ellesse-vediamo-3","status":"publish","type":"product","link":"https:\/\/www.deporteseli.com\/?product=short-ellesse-vediamo-3","title":{"rendered":"SHORT ELLESSE VEDIAMO"},"content":{"rendered":"<p>Pantalones cortos cl\u00e1sicos en blanco de ellesse Cord\u00f3n en la parte exterior de la cintura el\u00e1stica que cierra las caderas de forma segura Parche con logo en la pierna izquierda La mezcla de algod\u00f3n suave asegura una excelente comodidad de uso Ajuste c\u00f3modo Marca: ellesseCart.: ShortsColor: blanco \/ rosaMaterial: 50% algod\u00f3n 50% poli\u00e9ster                                                                                                                                                                                                                                                                                                                                                                                                                                                                                                                                                                                                                                                                                                                                                                                                                                                                                                                                                                                                                                        <\/p>\n","protected":false},"excerpt":{"rendered":"<p>SHORT ELLESSE VEDIAMO<\/p>\n","protected":false},"featured_media":50513,"template":"","meta":[],"product_brand":[],"product_cat":[277],"product_tag":[52],"class_list":{"0":"post-35879","1":"product","2":"type-product","3":"status-publish","4":"has-post-thumbnail","6":"product_cat-mujer_textil_shorts","7":"product_tag-ellesse","8":"pa_color-unico","9":"pa_talla-s","10":"pa_talla-xs","11":"thunk-woo-product-list","12":"opn-qv-enable","13":"open-woo-hover-","14":"open-single-product-tab-horizontal","15":"open-shadow-","16":"open-shadow-hover-","18":"first","19":"instock","20":"shipping-taxable","21":"purchasable","22":"product-type-variable"},"jetpack_sharing_enabled":true,"_links":{"self":[{"href":"https:\/\/www.deporteseli.com\/index.php?rest_route=\/wp\/v2\/product\/35879","targetHints":{"allow":["GET"]}}],"collection":[{"href":"https:\/\/www.deporteseli.com\/index.php?rest_route=\/wp\/v2\/product"}],"about":[{"href":"https:\/\/www.deporteseli.com\/index.php?rest_route=\/wp\/v2\/types\/product"}],"wp:featuredmedia":[{"embeddable":true,"href":"https:\/\/www.deporteseli.com\/index.php?rest_route=\/wp\/v2\/media\/50513"}],"wp:attachment":[{"href":"https:\/\/www.deporteseli.com\/index.php?rest_route=%2Fwp%2Fv2%2Fmedia&parent=35879"}],"wp:term":[{"taxonomy":"product_brand","embeddable":true,"href":"https:\/\/www.deporteseli.com\/index.php?rest_route=%2Fwp%2Fv2%2Fproduct_brand&post=35879"},{"taxonomy":"product_cat","embeddable":true,"href":"https:\/\/www.deporteseli.com\/index.php?rest_route=%2Fwp%2Fv2%2Fproduct_cat&post=35879"},{"taxonomy":"product_tag","embeddable":true,"href":"https:\/\/www.deporteseli.com\/index.php?rest_route=%2Fwp%2Fv2%2Fproduct_tag&post=35879"}],"curies":[{"name":"wp","href":"https:\/\/api.w.org\/{rel}","templated":true}]}}