{"id":35861,"date":"2026-01-27T16:59:07","date_gmt":"2026-01-27T16:59:07","guid":{"rendered":"https:\/\/www.deporteseli.com\/?product=3-pares-de-calzoncillos-tipo-boxer-con-logo"},"modified":"2026-01-27T16:59:08","modified_gmt":"2026-01-27T16:59:08","slug":"3-pares-de-calzoncillos-tipo-boxer-con-logo","status":"publish","type":"product","link":"https:\/\/www.deporteseli.com\/?product=3-pares-de-calzoncillos-tipo-boxer-con-logo","title":{"rendered":"3 PARES DE CALZONCILLOS TIPO B\u00f3XER CON LOGO"},"content":{"rendered":"<p>CALZONCILLOS TIPO B\u00d3XER QUE NO SE SUBEN CUANDO EST\u00c1S ACTIVO.  Mejora uno de tus b\u00e1sicos m\u00e1s importantes con estos calzoncillos b\u00f3xer adidas. La construcci\u00f3n antideslizante mantiene las cosas en su lugar, ya sea que est\u00e9 en la cancha o en la calle. La tela liviana es transpirable para ayudarlo a mantenerse fresco y c\u00f3modo sin importar a d\u00f3nde lo lleve el d\u00eda. Nuestros productos de algod\u00f3n apoyan el cultivo de algod\u00f3n sostenible. Esto es parte de nuestra ambici\u00f3n de acabar con los residuos pl\u00e1sticos.  ESPECIFICACIONES  Cintura el\u00e1stica  57% algod\u00f3n, 38% poli\u00e9ster, 5% elastano de punto simple  Tacto suave  Tres pares por paquete  Mosca funcional  Construcci\u00f3n sin montar  Ligero y transpirable  Jersey sencillo  Color del producto: negro.  C\u00f3digo de producto: GU8889                                                                                                                                                                                                                                                                                                                                                                                                                                                                                                                                                                                                                                                                                                                                                                                                                                                                                                                                                                                                                                        <\/p>\n","protected":false},"excerpt":{"rendered":"<p>3 PARES DE CALZONCILLOS TIPO B\u00f3XER CON LOGO<\/p>\n","protected":false},"featured_media":50498,"template":"","meta":[],"product_brand":[],"product_cat":[249],"product_tag":[18],"class_list":{"0":"post-35861","1":"product","2":"type-product","3":"status-publish","4":"has-post-thumbnail","6":"product_cat-hombre_textil_ropa_interior","7":"product_tag-adidas","8":"pa_color-unico","9":"pa_talla-m","10":"thunk-woo-product-list","11":"opn-qv-enable","12":"open-woo-hover-","13":"open-single-product-tab-horizontal","14":"open-shadow-","15":"open-shadow-hover-","17":"first","18":"instock","19":"shipping-taxable","20":"purchasable","21":"product-type-variable"},"jetpack_sharing_enabled":true,"_links":{"self":[{"href":"https:\/\/www.deporteseli.com\/index.php?rest_route=\/wp\/v2\/product\/35861","targetHints":{"allow":["GET"]}}],"collection":[{"href":"https:\/\/www.deporteseli.com\/index.php?rest_route=\/wp\/v2\/product"}],"about":[{"href":"https:\/\/www.deporteseli.com\/index.php?rest_route=\/wp\/v2\/types\/product"}],"wp:featuredmedia":[{"embeddable":true,"href":"https:\/\/www.deporteseli.com\/index.php?rest_route=\/wp\/v2\/media\/50498"}],"wp:attachment":[{"href":"https:\/\/www.deporteseli.com\/index.php?rest_route=%2Fwp%2Fv2%2Fmedia&parent=35861"}],"wp:term":[{"taxonomy":"product_brand","embeddable":true,"href":"https:\/\/www.deporteseli.com\/index.php?rest_route=%2Fwp%2Fv2%2Fproduct_brand&post=35861"},{"taxonomy":"product_cat","embeddable":true,"href":"https:\/\/www.deporteseli.com\/index.php?rest_route=%2Fwp%2Fv2%2Fproduct_cat&post=35861"},{"taxonomy":"product_tag","embeddable":true,"href":"https:\/\/www.deporteseli.com\/index.php?rest_route=%2Fwp%2Fv2%2Fproduct_tag&post=35861"}],"curies":[{"name":"wp","href":"https:\/\/api.w.org\/{rel}","templated":true}]}}