{"id":35827,"date":"2026-01-27T16:58:19","date_gmt":"2026-01-27T16:58:19","guid":{"rendered":"https:\/\/www.deporteseli.com\/?product=sandalia-swim-2"},"modified":"2026-01-27T16:58:22","modified_gmt":"2026-01-27T16:58:22","slug":"sandalia-swim-2","status":"publish","type":"product","link":"https:\/\/www.deporteseli.com\/?product=sandalia-swim-2","title":{"rendered":"SANDALIA SWIM"},"content":{"rendered":"<p>DIVERSI\u00d3N INFINITA EN EL AGUA  Preparados para disfrutar del sol. Esta sandalia adidas para peques activos luce correas ajustables para pies en fase de crecimiento. La plantilla moldeada se seca r\u00e1pidamente y le aporta una gran comodidad mientras se divierte en la playa o en la piscina.      DETALLES  Cierre con tiras de velcro  Parte superior de EVA  Secado r\u00e1pido  Drenaje \u00f3ptimo  Plantilla moldeada  Suela de EVA antideslizante con estr\u00edas flexibles  Color del art\u00edculo: Clear Pink \/ Clear Pink \/ Clear Pink  N\u00famero de art\u00edculo: FY8065                                                                                                                                                                                                                                                                                                                                                                                                                                                                                                                                                                                                                                                                                                                                                                                                                                                                                                                                                                                                                                        <\/p>\n","protected":false},"excerpt":{"rendered":"<p>SANDALIA SWIM<\/p>\n","protected":false},"featured_media":50464,"template":"","meta":[],"product_brand":[],"product_cat":[396],"product_tag":[18],"class_list":{"0":"post-35827","1":"product","2":"type-product","3":"status-publish","4":"has-post-thumbnail","6":"product_cat-ninas_calzado_cholas","7":"product_tag-adidas","8":"pa_color-unico","9":"pa_talla-115","10":"pa_talla-121","11":"pa_talla-t-21","12":"thunk-woo-product-list","13":"opn-qv-enable","14":"open-woo-hover-","15":"open-single-product-tab-horizontal","16":"open-shadow-","17":"open-shadow-hover-","19":"first","20":"instock","21":"shipping-taxable","22":"purchasable","23":"product-type-variable"},"jetpack_sharing_enabled":true,"_links":{"self":[{"href":"https:\/\/www.deporteseli.com\/index.php?rest_route=\/wp\/v2\/product\/35827","targetHints":{"allow":["GET"]}}],"collection":[{"href":"https:\/\/www.deporteseli.com\/index.php?rest_route=\/wp\/v2\/product"}],"about":[{"href":"https:\/\/www.deporteseli.com\/index.php?rest_route=\/wp\/v2\/types\/product"}],"wp:featuredmedia":[{"embeddable":true,"href":"https:\/\/www.deporteseli.com\/index.php?rest_route=\/wp\/v2\/media\/50464"}],"wp:attachment":[{"href":"https:\/\/www.deporteseli.com\/index.php?rest_route=%2Fwp%2Fv2%2Fmedia&parent=35827"}],"wp:term":[{"taxonomy":"product_brand","embeddable":true,"href":"https:\/\/www.deporteseli.com\/index.php?rest_route=%2Fwp%2Fv2%2Fproduct_brand&post=35827"},{"taxonomy":"product_cat","embeddable":true,"href":"https:\/\/www.deporteseli.com\/index.php?rest_route=%2Fwp%2Fv2%2Fproduct_cat&post=35827"},{"taxonomy":"product_tag","embeddable":true,"href":"https:\/\/www.deporteseli.com\/index.php?rest_route=%2Fwp%2Fv2%2Fproduct_tag&post=35827"}],"curies":[{"name":"wp","href":"https:\/\/api.w.org\/{rel}","templated":true}]}}