{"id":35818,"date":"2026-01-27T16:58:07","date_gmt":"2026-01-27T16:58:07","guid":{"rendered":"https:\/\/www.deporteseli.com\/?product=camiseta-de-tirantes-adidas-designed-to-move"},"modified":"2026-01-27T16:58:11","modified_gmt":"2026-01-27T16:58:11","slug":"camiseta-de-tirantes-adidas-designed-to-move","status":"publish","type":"product","link":"https:\/\/www.deporteseli.com\/?product=camiseta-de-tirantes-adidas-designed-to-move","title":{"rendered":"CAMISETA DE TIRANTES ADIDAS DESIGNED TO MOVE"},"content":{"rendered":"<p>COMODIDAD Y VERSATILIDAD PARA TU D\u00cdA A D\u00cdA  La comodidad de la ropa deportiva. El estilo de la moda urbana. Esta camiseta de tirantes para j\u00f3venes deportistas te ayuda a enfrentarte a cualquier reto gracias a la tecnolog\u00eda transpirable AEROREADY que mantiene la piel seca. Comb\u00ednala con unos vaqueros para lucir una est\u00e9tica m\u00e1s elegante o con tus mallas de training favoritas para presumir de look deportivo.    Este producto se ha fabricado con Primegreen, una combinaci\u00f3n de materiales reciclados de alto rendimiento.  DETALLES  Corte entallado  Escote redondo  Interlock 100% poli\u00e9ster reciclado  Tacto suave  Dise\u00f1o transpirable  Dobladillo con las costuras laterales abiertas  Dobladillo trasero m\u00e1s largo  Panel trasero de punto doble  Primegreen  Color del art\u00edculo: Hazy Rose \/ Crew Navy  N\u00famero de art\u00edculo: GN1447                                                                                                                                                                                                                                                                                                                                                                                                                                                                                                                                                                                                                                                                                                                                                                                                                                                                                                                                                                                                                                        <\/p>\n","protected":false},"excerpt":{"rendered":"<p>CAMISETA DE TIRANTES ADIDAS DESIGNED TO MOVE<\/p>\n","protected":false},"featured_media":50458,"template":"","meta":[],"product_brand":[],"product_cat":[376],"product_tag":[18],"class_list":{"0":"post-35818","1":"product","2":"type-product","3":"status-publish","4":"has-post-thumbnail","6":"product_cat-ninas_textil_camisetas","7":"product_tag-adidas","8":"pa_color-unico","9":"pa_talla-t-12","10":"pa_talla-t-14","11":"pa_talla-t-16","12":"thunk-woo-product-list","13":"opn-qv-enable","14":"open-woo-hover-","15":"open-single-product-tab-horizontal","16":"open-shadow-","17":"open-shadow-hover-","19":"first","20":"instock","21":"shipping-taxable","22":"purchasable","23":"product-type-variable"},"jetpack_sharing_enabled":true,"_links":{"self":[{"href":"https:\/\/www.deporteseli.com\/index.php?rest_route=\/wp\/v2\/product\/35818","targetHints":{"allow":["GET"]}}],"collection":[{"href":"https:\/\/www.deporteseli.com\/index.php?rest_route=\/wp\/v2\/product"}],"about":[{"href":"https:\/\/www.deporteseli.com\/index.php?rest_route=\/wp\/v2\/types\/product"}],"wp:featuredmedia":[{"embeddable":true,"href":"https:\/\/www.deporteseli.com\/index.php?rest_route=\/wp\/v2\/media\/50458"}],"wp:attachment":[{"href":"https:\/\/www.deporteseli.com\/index.php?rest_route=%2Fwp%2Fv2%2Fmedia&parent=35818"}],"wp:term":[{"taxonomy":"product_brand","embeddable":true,"href":"https:\/\/www.deporteseli.com\/index.php?rest_route=%2Fwp%2Fv2%2Fproduct_brand&post=35818"},{"taxonomy":"product_cat","embeddable":true,"href":"https:\/\/www.deporteseli.com\/index.php?rest_route=%2Fwp%2Fv2%2Fproduct_cat&post=35818"},{"taxonomy":"product_tag","embeddable":true,"href":"https:\/\/www.deporteseli.com\/index.php?rest_route=%2Fwp%2Fv2%2Fproduct_tag&post=35818"}],"curies":[{"name":"wp","href":"https:\/\/api.w.org\/{rel}","templated":true}]}}