{"id":35814,"date":"2026-01-27T16:58:02","date_gmt":"2026-01-27T16:58:02","guid":{"rendered":"https:\/\/www.deporteseli.com\/?product=conjunto-adidas-gm896"},"modified":"2026-01-27T16:58:06","modified_gmt":"2026-01-27T16:58:06","slug":"conjunto-adidas-gm896","status":"publish","type":"product","link":"https:\/\/www.deporteseli.com\/?product=conjunto-adidas-gm896","title":{"rendered":"CONJUNTO ADIDAS GM896"},"content":{"rendered":"<p>Descripci\u00f3n del producto   Todos los d\u00edas aprenden algo nuevo. Nuevos sonidos, nuevas expresiones y nuevos movimientos. Pronto estar\u00e1n pateando balones de f\u00fatbol y corriendo por el campo con alegr\u00eda. Muestre a su futuro fan\u00e1tico de los deportes el amor por el juego con este conjunto para beb\u00e9s de adidas. El corte redondo de algod\u00f3n es perfecto para los d\u00edas c\u00e1lidos y soleados. Este producto est\u00e1 elaborado con algod\u00f3n org\u00e1nico y es parte de la ambici\u00f3n de adidas por acabar con los residuos pl\u00e1sticos  .Un peque\u00f1o y acogedor conjunto para el clima c\u00e1lido.                                                                                                                                                                                                                                                                                                                                                                                                                                                                                                                                                                                                                                                                                                                                                                                                                                                                                                                                                                                                                                        <\/p>\n","protected":false},"excerpt":{"rendered":"<p>CONJUNTO ADIDAS GM896<\/p>\n","protected":false},"featured_media":50455,"template":"","meta":[],"product_brand":[],"product_cat":[297],"product_tag":[18],"class_list":{"0":"post-35814","1":"product","2":"type-product","3":"status-publish","4":"has-post-thumbnail","6":"product_cat-nino_textil_conjuntos","7":"product_tag-adidas","8":"pa_color-unico","9":"pa_talla-18-meses","10":"pa_talla-103","11":"pa_talla-167","12":"thunk-woo-product-list","13":"opn-qv-enable","14":"open-woo-hover-","15":"open-single-product-tab-horizontal","16":"open-shadow-","17":"open-shadow-hover-","19":"first","20":"instock","21":"shipping-taxable","22":"purchasable","23":"product-type-variable"},"jetpack_sharing_enabled":true,"_links":{"self":[{"href":"https:\/\/www.deporteseli.com\/index.php?rest_route=\/wp\/v2\/product\/35814","targetHints":{"allow":["GET"]}}],"collection":[{"href":"https:\/\/www.deporteseli.com\/index.php?rest_route=\/wp\/v2\/product"}],"about":[{"href":"https:\/\/www.deporteseli.com\/index.php?rest_route=\/wp\/v2\/types\/product"}],"wp:featuredmedia":[{"embeddable":true,"href":"https:\/\/www.deporteseli.com\/index.php?rest_route=\/wp\/v2\/media\/50455"}],"wp:attachment":[{"href":"https:\/\/www.deporteseli.com\/index.php?rest_route=%2Fwp%2Fv2%2Fmedia&parent=35814"}],"wp:term":[{"taxonomy":"product_brand","embeddable":true,"href":"https:\/\/www.deporteseli.com\/index.php?rest_route=%2Fwp%2Fv2%2Fproduct_brand&post=35814"},{"taxonomy":"product_cat","embeddable":true,"href":"https:\/\/www.deporteseli.com\/index.php?rest_route=%2Fwp%2Fv2%2Fproduct_cat&post=35814"},{"taxonomy":"product_tag","embeddable":true,"href":"https:\/\/www.deporteseli.com\/index.php?rest_route=%2Fwp%2Fv2%2Fproduct_tag&post=35814"}],"curies":[{"name":"wp","href":"https:\/\/api.w.org\/{rel}","templated":true}]}}