{"id":35811,"date":"2026-01-27T16:57:57","date_gmt":"2026-01-27T16:57:57","guid":{"rendered":"https:\/\/www.deporteseli.com\/?product=conjunto-badge-of-sport-summer-2"},"modified":"2026-01-27T16:58:00","modified_gmt":"2026-01-27T16:58:00","slug":"conjunto-badge-of-sport-summer-2","status":"publish","type":"product","link":"https:\/\/www.deporteseli.com\/?product=conjunto-badge-of-sport-summer-2","title":{"rendered":"CONJUNTO BADGE OF SPORT SUMMER"},"content":{"rendered":"<p>PARA PEQUE\u00d1OS AFICIONADOS AL DEPORTE  La pasi\u00f3n deportiva es pura alegr\u00eda. Y todo comienza con un simple movimiento. Viste a tu peque con este c\u00f3modo conjunto de camiseta y pantal\u00f3n corto para que disfrute de sus actividades favoritas. El logotipo de adidas rinde homenaje a nuestro legado deportivo de siempre. Se ha confeccionado en un tejido de algod\u00f3n org\u00e1nico que le ofrece un tacto muy suave.    Este producto se ha confeccionado con algod\u00f3n org\u00e1nico y ayuda a acabar con los residuos pl\u00e1sticos.  DETALLES  Camiseta: corte cl\u00e1sico  Pantal\u00f3n corto: corte ajustado  Cuello redondo de canal\u00e9  Punto 100% algod\u00f3n org\u00e1nico  Camiseta: bolsillo en el pecho  Camiseta: costuras laterales abiertas y dobladillo trasero m\u00e1s largo  Pantal\u00f3n corto: cintura el\u00e1stica con cord\u00f3n  Color del art\u00edculo: Vivid Red \/ White  N\u00famero de art\u00edculo: GM8941                                                                                                                                                                                                                                                                                                                                                                                                                                                                                                                                                                                                                                                                                                                                                                                                                                                                                                                                                                                                                                        <\/p>\n","protected":false},"excerpt":{"rendered":"<p>CONJUNTO BADGE OF SPORT SUMMER<\/p>\n","protected":false},"featured_media":50450,"template":"","meta":[],"product_brand":[],"product_cat":[297],"product_tag":[18],"class_list":{"0":"post-35811","1":"product","2":"type-product","3":"status-publish","4":"has-post-thumbnail","6":"product_cat-nino_textil_conjuntos","7":"product_tag-adidas","8":"pa_color-unico","9":"pa_talla-103","10":"pa_talla-167","11":"thunk-woo-product-list","12":"opn-qv-enable","13":"open-woo-hover-","14":"open-single-product-tab-horizontal","15":"open-shadow-","16":"open-shadow-hover-","18":"first","19":"instock","20":"shipping-taxable","21":"purchasable","22":"product-type-variable"},"jetpack_sharing_enabled":true,"_links":{"self":[{"href":"https:\/\/www.deporteseli.com\/index.php?rest_route=\/wp\/v2\/product\/35811","targetHints":{"allow":["GET"]}}],"collection":[{"href":"https:\/\/www.deporteseli.com\/index.php?rest_route=\/wp\/v2\/product"}],"about":[{"href":"https:\/\/www.deporteseli.com\/index.php?rest_route=\/wp\/v2\/types\/product"}],"wp:featuredmedia":[{"embeddable":true,"href":"https:\/\/www.deporteseli.com\/index.php?rest_route=\/wp\/v2\/media\/50450"}],"wp:attachment":[{"href":"https:\/\/www.deporteseli.com\/index.php?rest_route=%2Fwp%2Fv2%2Fmedia&parent=35811"}],"wp:term":[{"taxonomy":"product_brand","embeddable":true,"href":"https:\/\/www.deporteseli.com\/index.php?rest_route=%2Fwp%2Fv2%2Fproduct_brand&post=35811"},{"taxonomy":"product_cat","embeddable":true,"href":"https:\/\/www.deporteseli.com\/index.php?rest_route=%2Fwp%2Fv2%2Fproduct_cat&post=35811"},{"taxonomy":"product_tag","embeddable":true,"href":"https:\/\/www.deporteseli.com\/index.php?rest_route=%2Fwp%2Fv2%2Fproduct_tag&post=35811"}],"curies":[{"name":"wp","href":"https:\/\/api.w.org\/{rel}","templated":true}]}}