{"id":35791,"date":"2026-01-27T16:57:32","date_gmt":"2026-01-27T16:57:32","guid":{"rendered":"https:\/\/www.deporteseli.com\/?product=camiseta-city-elevated"},"modified":"2026-01-27T16:57:33","modified_gmt":"2026-01-27T16:57:33","slug":"camiseta-city-elevated","status":"publish","type":"product","link":"https:\/\/www.deporteseli.com\/?product=camiseta-city-elevated","title":{"rendered":"CAMISETA CITY ELEVATED"},"content":{"rendered":"<p>CALOR BAJO CONTROL  Prep\u00e1rate para darlo todo con esta camiseta adidas. Su dise\u00f1o entallado con un toque de elasticidad te proporciona una total libertad de movimiento. Se ha confeccionado en un tejido ligero y transpirable que mantiene la piel seca para que nada te pare.    Este producto se ha fabricado con Primegreen, una  DETALLES  Corte cl\u00e1sico  Cuello redondo  Punto 48% poli\u00e9ster reciclado \/ 24% algod\u00f3n \/ 24% viscosa \/ 4% elast\u00e1n  Primegreen  Color del art\u00edculo: Vivid Red Mel  N\u00famero de art\u00edculo: GM0515                                                                                                                                                                                                                                                                                                                                                                                                                                                                                                                                                                                                                                                                                                                                                                                                                                                                                                                                                                                                                                        <\/p>\n","protected":false},"excerpt":{"rendered":"<p>CAMISETA CITY ELEVATED<\/p>\n","protected":false},"featured_media":50437,"template":"","meta":[],"product_brand":[],"product_cat":[245],"product_tag":[18],"class_list":{"0":"post-35791","1":"product","2":"type-product","3":"status-publish","4":"has-post-thumbnail","6":"product_cat-hombre_textil_camisetas","7":"product_tag-adidas","8":"pa_color-unico","9":"pa_talla-l","10":"thunk-woo-product-list","11":"opn-qv-enable","12":"open-woo-hover-","13":"open-single-product-tab-horizontal","14":"open-shadow-","15":"open-shadow-hover-","17":"first","18":"instock","19":"shipping-taxable","20":"purchasable","21":"product-type-variable"},"jetpack_sharing_enabled":true,"_links":{"self":[{"href":"https:\/\/www.deporteseli.com\/index.php?rest_route=\/wp\/v2\/product\/35791","targetHints":{"allow":["GET"]}}],"collection":[{"href":"https:\/\/www.deporteseli.com\/index.php?rest_route=\/wp\/v2\/product"}],"about":[{"href":"https:\/\/www.deporteseli.com\/index.php?rest_route=\/wp\/v2\/types\/product"}],"wp:featuredmedia":[{"embeddable":true,"href":"https:\/\/www.deporteseli.com\/index.php?rest_route=\/wp\/v2\/media\/50437"}],"wp:attachment":[{"href":"https:\/\/www.deporteseli.com\/index.php?rest_route=%2Fwp%2Fv2%2Fmedia&parent=35791"}],"wp:term":[{"taxonomy":"product_brand","embeddable":true,"href":"https:\/\/www.deporteseli.com\/index.php?rest_route=%2Fwp%2Fv2%2Fproduct_brand&post=35791"},{"taxonomy":"product_cat","embeddable":true,"href":"https:\/\/www.deporteseli.com\/index.php?rest_route=%2Fwp%2Fv2%2Fproduct_cat&post=35791"},{"taxonomy":"product_tag","embeddable":true,"href":"https:\/\/www.deporteseli.com\/index.php?rest_route=%2Fwp%2Fv2%2Fproduct_tag&post=35791"}],"curies":[{"name":"wp","href":"https:\/\/api.w.org\/{rel}","templated":true}]}}