{"id":35789,"date":"2026-01-27T16:57:29","date_gmt":"2026-01-27T16:57:29","guid":{"rendered":"https:\/\/www.deporteseli.com\/?product=rinonera-sport-casual"},"modified":"2026-01-27T16:57:31","modified_gmt":"2026-01-27T16:57:31","slug":"rinonera-sport-casual","status":"publish","type":"product","link":"https:\/\/www.deporteseli.com\/?product=rinonera-sport-casual","title":{"rendered":"RI\u00f1ONERA SPORT CASUAL"},"content":{"rendered":"<p>TU ALIADA EN EL D\u00cdA A D\u00cdA  Prep\u00e1rate para conquistar el d\u00eda. Lleva todo lo necesario en esta ri\u00f1onera adidas. Las gafas y los auriculares van en la parte delantera. Las tarjetas se deslizan en los bolsillos interiores sin cierre. Guarda las llaves, el tel\u00e9fono y una barra energ\u00e9tica en el compartimento principal. Es hora de destacar.    Este producto se ha confeccionado con material reciclado como parte de nuestro compromiso por acabar con los residuos pl\u00e1sticos.  DETALLES  Dimensiones: 40 cm x 17 cm x 4 cm  Tejido t\u00e9cnico 100% poli\u00e9ster reciclado  Totalmente forrada  Bolsillo frontal con cremallera  Bolsillos interiores sin cierre  Correa ajustable en la cintura con cierre de hebilla  Color del art\u00edculo: Black \/ Black  N\u00famero de art\u00edculo: GJ8445                                                                                                                                                                                                                                                                                                                                                                                                                                                                                                                                                                                                                                                                                                                                                                                                                                                                                                                                                                                                                                        <\/p>\n","protected":false},"excerpt":{"rendered":"<p>RI\u00f1ONERA SPORT CASUAL<\/p>\n","protected":false},"featured_media":50433,"template":"","meta":[],"product_brand":[],"product_cat":[242],"product_tag":[18],"class_list":{"0":"post-35789","1":"product","2":"type-product","3":"status-publish","4":"has-post-thumbnail","6":"product_cat-unisex_accesorios","7":"product_tag-adidas","8":"pa_color-unico","9":"pa_talla-unica","10":"thunk-woo-product-list","11":"opn-qv-enable","12":"open-woo-hover-","13":"open-single-product-tab-horizontal","14":"open-shadow-","15":"open-shadow-hover-","17":"first","18":"instock","19":"shipping-taxable","20":"purchasable","21":"product-type-variable"},"jetpack_sharing_enabled":true,"_links":{"self":[{"href":"https:\/\/www.deporteseli.com\/index.php?rest_route=\/wp\/v2\/product\/35789","targetHints":{"allow":["GET"]}}],"collection":[{"href":"https:\/\/www.deporteseli.com\/index.php?rest_route=\/wp\/v2\/product"}],"about":[{"href":"https:\/\/www.deporteseli.com\/index.php?rest_route=\/wp\/v2\/types\/product"}],"wp:featuredmedia":[{"embeddable":true,"href":"https:\/\/www.deporteseli.com\/index.php?rest_route=\/wp\/v2\/media\/50433"}],"wp:attachment":[{"href":"https:\/\/www.deporteseli.com\/index.php?rest_route=%2Fwp%2Fv2%2Fmedia&parent=35789"}],"wp:term":[{"taxonomy":"product_brand","embeddable":true,"href":"https:\/\/www.deporteseli.com\/index.php?rest_route=%2Fwp%2Fv2%2Fproduct_brand&post=35789"},{"taxonomy":"product_cat","embeddable":true,"href":"https:\/\/www.deporteseli.com\/index.php?rest_route=%2Fwp%2Fv2%2Fproduct_cat&post=35789"},{"taxonomy":"product_tag","embeddable":true,"href":"https:\/\/www.deporteseli.com\/index.php?rest_route=%2Fwp%2Fv2%2Fproduct_tag&post=35789"}],"curies":[{"name":"wp","href":"https:\/\/api.w.org\/{rel}","templated":true}]}}