{"id":35786,"date":"2026-01-27T16:57:25","date_gmt":"2026-01-27T16:57:25","guid":{"rendered":"https:\/\/www.deporteseli.com\/?product=guantes-4athlts"},"modified":"2026-01-27T16:57:28","modified_gmt":"2026-01-27T16:57:28","slug":"guantes-4athlts","status":"publish","type":"product","link":"https:\/\/www.deporteseli.com\/?product=guantes-4athlts","title":{"rendered":"GUANTES 4ATHLTS"},"content":{"rendered":"<p>A LA ALTURA DE TUS EXPECTATIVAS  Tus manos son muy pero que muy importantes. Dales el cuidado que merecen con estos guantes de training adidas. La palma acolchada te permite sujetar y levantar las pesas con absoluta comodidad. La abertura en el dorso favorece la ventilaci\u00f3n y las presillas en dos dedos te permiten quit\u00e1rtelos f\u00e1cilmente.  DETALLES  Tejido t\u00e9cnico 85% poli\u00e9ster \/ 15% elast\u00e1n  Dise\u00f1o sin dedos  Abertura en el dorso  Palma acolchada  Pu\u00f1o ajustado  Presillas en los dedos coraz\u00f3n y anular  Color del art\u00edculo: Black \/ Halo Green  N\u00famero de art\u00edculo: GI7631                                                                                                                                                                                                                                                                                                                                                                                                                                                                                                                                                                                                                                                                                                                                                                                                                                                                                                                                                                                                                                        <\/p>\n","protected":false},"excerpt":{"rendered":"<p>GUANTES 4ATHLTS<\/p>\n","protected":false},"featured_media":50430,"template":"","meta":[],"product_brand":[],"product_cat":[342],"product_tag":[18],"class_list":{"0":"post-35786","1":"product","2":"type-product","3":"status-publish","4":"has-post-thumbnail","6":"product_cat-deportes_gimnasio_guantes","7":"product_tag-adidas","8":"pa_color-unico","9":"pa_talla-l","10":"pa_talla-m","11":"thunk-woo-product-list","12":"opn-qv-enable","13":"open-woo-hover-","14":"open-single-product-tab-horizontal","15":"open-shadow-","16":"open-shadow-hover-","18":"first","19":"instock","20":"shipping-taxable","21":"purchasable","22":"product-type-variable"},"jetpack_sharing_enabled":true,"_links":{"self":[{"href":"https:\/\/www.deporteseli.com\/index.php?rest_route=\/wp\/v2\/product\/35786","targetHints":{"allow":["GET"]}}],"collection":[{"href":"https:\/\/www.deporteseli.com\/index.php?rest_route=\/wp\/v2\/product"}],"about":[{"href":"https:\/\/www.deporteseli.com\/index.php?rest_route=\/wp\/v2\/types\/product"}],"wp:featuredmedia":[{"embeddable":true,"href":"https:\/\/www.deporteseli.com\/index.php?rest_route=\/wp\/v2\/media\/50430"}],"wp:attachment":[{"href":"https:\/\/www.deporteseli.com\/index.php?rest_route=%2Fwp%2Fv2%2Fmedia&parent=35786"}],"wp:term":[{"taxonomy":"product_brand","embeddable":true,"href":"https:\/\/www.deporteseli.com\/index.php?rest_route=%2Fwp%2Fv2%2Fproduct_brand&post=35786"},{"taxonomy":"product_cat","embeddable":true,"href":"https:\/\/www.deporteseli.com\/index.php?rest_route=%2Fwp%2Fv2%2Fproduct_cat&post=35786"},{"taxonomy":"product_tag","embeddable":true,"href":"https:\/\/www.deporteseli.com\/index.php?rest_route=%2Fwp%2Fv2%2Fproduct_tag&post=35786"}],"curies":[{"name":"wp","href":"https:\/\/api.w.org\/{rel}","templated":true}]}}