{"id":35781,"date":"2026-01-27T16:57:18","date_gmt":"2026-01-27T16:57:18","guid":{"rendered":"https:\/\/www.deporteseli.com\/?product=sujetador-techfit-dont-rest"},"modified":"2026-01-27T16:57:20","modified_gmt":"2026-01-27T16:57:20","slug":"sujetador-techfit-dont-rest","status":"publish","type":"product","link":"https:\/\/www.deporteseli.com\/?product=sujetador-techfit-dont-rest","title":{"rendered":"SUJETADOR TECHFIT DON&#8217;T REST"},"content":{"rendered":"<p>MAXIMIZA TU RENDIMIENTO  Conc\u00e9ntrate en tu entrenamiento, no en tu sujetador. Este sujetador Techfit Don&#8217;t Rest para j\u00f3venes deportistas presenta una espalda de malla y un tejido transpirable que te ayudan a mantenerte seca cuando la temperatura sube.      DETALLES  Corte ajustado  Interlock 70% poli\u00e9ster reciclado \/ 19% poli\u00e9ster \/ 11% elast\u00e1n  Tejido Techfit que se adapta a tu cuerpo  Sujetador Techfit de m\u00e1xima sujeci\u00f3n  Tejido transpirable AEROREADY  Panel trasero de malla  Tirante central en la espalda  Color del art\u00edculo: Black \/ White  N\u00famero de art\u00edculo: FM5822                                                                                                                                                                                                                                                                                                                                                                                                                                                                                                                                                                                                                                                                                                                                                                                                                                                                                                                                                                                                                                        <\/p>\n","protected":false},"excerpt":{"rendered":"<p>SUJETADOR TECHFIT DON&#8217;T REST<\/p>\n","protected":false},"featured_media":50422,"template":"","meta":[],"product_brand":[],"product_cat":[376],"product_tag":[18],"class_list":{"0":"post-35781","1":"product","2":"type-product","3":"status-publish","4":"has-post-thumbnail","6":"product_cat-ninas_textil_camisetas","7":"product_tag-adidas","8":"pa_color-unico","9":"pa_talla-xxl","10":"thunk-woo-product-list","11":"opn-qv-enable","12":"open-woo-hover-","13":"open-single-product-tab-horizontal","14":"open-shadow-","15":"open-shadow-hover-","17":"first","18":"instock","19":"shipping-taxable","20":"purchasable","21":"product-type-variable"},"jetpack_sharing_enabled":true,"_links":{"self":[{"href":"https:\/\/www.deporteseli.com\/index.php?rest_route=\/wp\/v2\/product\/35781","targetHints":{"allow":["GET"]}}],"collection":[{"href":"https:\/\/www.deporteseli.com\/index.php?rest_route=\/wp\/v2\/product"}],"about":[{"href":"https:\/\/www.deporteseli.com\/index.php?rest_route=\/wp\/v2\/types\/product"}],"wp:featuredmedia":[{"embeddable":true,"href":"https:\/\/www.deporteseli.com\/index.php?rest_route=\/wp\/v2\/media\/50422"}],"wp:attachment":[{"href":"https:\/\/www.deporteseli.com\/index.php?rest_route=%2Fwp%2Fv2%2Fmedia&parent=35781"}],"wp:term":[{"taxonomy":"product_brand","embeddable":true,"href":"https:\/\/www.deporteseli.com\/index.php?rest_route=%2Fwp%2Fv2%2Fproduct_brand&post=35781"},{"taxonomy":"product_cat","embeddable":true,"href":"https:\/\/www.deporteseli.com\/index.php?rest_route=%2Fwp%2Fv2%2Fproduct_cat&post=35781"},{"taxonomy":"product_tag","embeddable":true,"href":"https:\/\/www.deporteseli.com\/index.php?rest_route=%2Fwp%2Fv2%2Fproduct_tag&post=35781"}],"curies":[{"name":"wp","href":"https:\/\/api.w.org\/{rel}","templated":true}]}}